{"id":137,"date":"2021-12-18T23:48:32","date_gmt":"2021-12-18T22:48:32","guid":{"rendered":"http:\/\/metachemibio.webgazel.pl\/?page_id=137"},"modified":"2026-01-22T08:50:00","modified_gmt":"2026-01-22T07:50:00","slug":"food-components","status":"publish","type":"page","link":"https:\/\/biochemia.uwm.edu.pl\/metachemibio\/food-components\/","title":{"rendered":"Food Components"},"content":{"rendered":"\n<h4 class=\"wp-block-heading has-medium-font-size\" id=\"food-components\">Food Components<\/h4>\n\n\n\n<figure class=\"wp-block-table is-style-stripes\"><table><tbody><tr><td><a href=\"http:\/\/afcdb.ca\/\" target=\"_blank\" rel=\"noreferrer noopener\">AFCDB<\/a><\/td><td>Provider: University of Alberta<\/td><\/tr><tr><td><a href=\"https:\/\/aminoadb.org\/aminoacids.php\" target=\"_blank\" rel=\"noreferrer noopener\">AminoADB<\/a><\/td><td>Author: Beaven Manjengwa<\/td><\/tr><tr><td><a href=\"https:\/\/bigdatainhealth.org\/letsbe\/anti-HCoV.php\" target=\"_blank\" rel=\"noreferrer noopener\">anti-HCoV<\/a><\/td><td>Monticolo F., Palomba E., Santis R., Assentato L., Triscino V., Langella M. C., Lanzotti V., Chiusano M. L., anti-HCoV: A web resource to collect natural compounds against human coronaviruses. Trends in Food Science &amp; Technology, 2020, 106, 1-11.&nbsp;<a href=\"https:\/\/www.sciencedirect.com\/science\/article\/pii\/S0924224420305975\" target=\"_blank\" rel=\"noreferrer noopener\">Abstract<\/a><\/td><\/tr><tr><td><a href=\"https:\/\/aodb.idruglab.cn\/\" target=\"_blank\" rel=\"noreferrer noopener\">AODB<\/a><\/td><td>Deng W., Chen Y., Sun X., Wang L., AODB: A comprehensive database for antioxidants including small molecules, peptides and proteins. Food Chemistry, 2023, 418, Article No 135992. <a href=\"https:\/\/www.sciencedirect.com\/science\/article\/pii\/S030881462300609X?via%3Dihub\" target=\"_blank\" rel=\"noreferrer noopener\">Abstract<\/a><\/td><\/tr><tr><td><a href=\"http:\/\/carotenoiddb.jp\/\" target=\"_blank\" rel=\"noreferrer noopener\">Carotenoids Database<\/a><\/td><td>Yabuzaki J., Carotenoids Database: structures, chemical fingerprints and distribution among organisms. Database, 2017, Article No bax004.&nbsp;<a href=\"https:\/\/academic.oup.com\/database\/article\/3053444\/Carotenoids-Database-structures-chemical\" target=\"_blank\" rel=\"noreferrer noopener\">Abstract<\/a><\/td><\/tr><tr><td><a href=\"http:\/\/bidd2.nus.edu.sg\/CMAUP\/\" target=\"_blank\" rel=\"noreferrer noopener\">CMAUP<\/a><\/td><td>Zeng X., Zhang P, Wang Y., Qin C., Chen S., He W., Tao L., Tan Y., Gao D., Wang B., Chen Z., Chen W., Jiang Y. Y., Chen Y. Z., CMAUP: a database of collective molecular activities of useful plants. Nucleic Acids Research, 2019, 47, D1118\u2013D1127.&nbsp;<a href=\"https:\/\/academic.oup.com\/nar\/article\/47\/D1\/D1118\/5144144\" target=\"_blank\" rel=\"noreferrer noopener\">Abstract<\/a><\/td><\/tr><tr><td><a target=\"_blank\" href=\"http:\/\/www.codexalimentarius.org\/\" rel=\"noreferrer noopener\">Codex Alimentarius<\/a><\/td><td>&nbsp;<\/td><\/tr><tr><td><a href=\"https:\/\/www.nutridatabaze.cz\/en\/\" target=\"_blank\" rel=\"noreferrer noopener\">Czech Food Composition Database<\/a><\/td><td>Machackova M., Holasova M., Maskova E., THINline interactive s.r.o., The new on-line Czech Food Composition Database. Food Chemistry, 2013, 140, 533-538. <a href=\"https:\/\/www.sciencedirect.com\/science\/article\/pii\/S0308814613001301\" target=\"_blank\" rel=\"noreferrer noopener\">Abstract<\/a><\/td><\/tr><tr><td><a href=\"https:\/\/bddg.hznu.edu.cn\/ddid\/\" target=\"_blank\" rel=\"noreferrer noopener\">DDID<\/a><\/td><td>Hong Y., Xu H., Liu Y., Zhu S., Tian C., Chen G., Zhu F., Tao L., DDID: a comprehensive resource for visualization and analysis of diet\u2013drug interactions. Briefings in Bioinformatics, 2024, 25, Article No bbae212. <a href=\"https:\/\/academic.oup.com\/bib\/article\/25\/3\/bbae212\/7665589\" target=\"_blank\" rel=\"noreferrer noopener\">Abstract<\/a><\/td><\/tr><tr><td><a href=\"http:\/\/www.cqudfbp.net\/\" target=\"_blank\" rel=\"noreferrer noopener\">DFBP<\/a><\/td><td>Qin D., Bo W., Zheng X., Hao Y., Li B., Zheng J., Liang G., DFBP: a comprehensive database of food-derived bioactive peptides for peptidomics research. Bioinformatics, 2022, 38, 3275\u20133280. <a href=\"https:\/\/academic.oup.com\/bioinformatics\/article-abstract\/38\/12\/3275\/6585336?redirectedFrom=fulltexAbstract\" target=\"_blank\" rel=\"noreferrer noopener\">Abstract<\/a><\/td><\/tr><tr><td><a href=\"https:\/\/cosylab.iiitd.edu.in\/dietrx\/\" target=\"_blank\" rel=\"noreferrer noopener\">DietRx<\/a><\/td><td>Goel M., Bagler G., Computational gastronomy: A data science approach to food. Journal of Bioscience, 2022, 47, Article No 12. <a href=\"https:\/\/link.springer.com\/article\/10.1007\/s12038-021-00248-1\" target=\"_blank\" rel=\"noreferrer noopener\">Abstract<\/a><\/td><\/tr><tr><td><a href=\"https:\/\/dsld.nlm.nih.gov\/dsld-mobile\/index.jsp\" target=\"_blank\" rel=\"noreferrer noopener\">DSLD<\/a><\/td><td>Provider: National Institutes of Health<\/td><\/tr><tr><td><a href=\"http:\/\/frida.fooddata.dk\/index.php?lang=en\" target=\"_blank\" rel=\"noreferrer noopener\">DTU Fooddata<\/a><\/td><td>Provider: Danish Technical University (DTU)<\/td><\/tr><tr><td><a href=\"https:\/\/izomery.pzh.gov.pl\/\" target=\"_blank\" rel=\"noreferrer noopener\">e-Baza izomer\u00f3w trans<\/a><\/td><td>Provider: Instytut \u017bywno\u015bci i \u017bywienia<\/td><\/tr><tr><td><a href=\"http:\/\/exposome-explorer.iarc.fr\/\" target=\"_blank\" rel=\"noreferrer noopener\">Exposome-Explorer<\/a><\/td><td>Neveu V., Nicolas G., Salek R. M., Wishart D. S., Scalbert A., Exposome-Explorer 2.0: an update incorporating candidate dietary biomarkers and dietary associations with cancer risk. Nucleic Acids Research, 2020, 48, D908\u2013D912.&nbsp;<a href=\"https:\/\/academic.oup.com\/nar\/article\/48\/D1\/D908\/5625534\" target=\"_blank\" rel=\"noreferrer noopener\">Abstract<\/a><\/td><\/tr><tr><td><a href=\"https:\/\/www.fda.gov\/Food\/default.htm\" target=\"_blank\" rel=\"noreferrer noopener\">FDA-Food<\/a><\/td><td>Provider: Food and Drug Administration<\/td><\/tr><tr><td><a href=\"https:\/\/bioit-webapp-prod.sciensano.be\/specenzyme\/\" target=\"_blank\" rel=\"noreferrer noopener\">FEDA<\/a><\/td><td>Deckers M., Van Braeckel J., Vanneste K., Deforce D., Fraiture M.-A., Roosens N. H. C., Food Enzyme Database (FEDA): a web application gathering information about food enzyme preparations available on the European market. Database, 2021, Article No baab060. <a href=\"https:\/\/academic.oup.com\/database\/article\/doi\/10.1093\/database\/baab060\/6385791\" target=\"_blank\" rel=\"noreferrer noopener\">Abstract<\/a><\/td><\/tr><tr><td><a target=\"_blank\" href=\"http:\/\/www.femaflavor.org\/fema-gras%E2%84%A2-flavoring-substance-list\" rel=\"noreferrer noopener\">FEMA GRAS<\/a><\/td><td>Cohen S. M., Fukushima S., Gooderham J., Hecht S. S., Marnett L. J., Rietjens I. M. C. M., Smith R. L., Bastaki M., McGowen M. M., Harman C., Taylor S. V., GRAS flavor ingredients 27. Food Technology, 2015, 8, 42-59.&nbsp;<a target=\"_blank\" href=\"http:\/\/www.femaflavor.org\/sites\/default\/files\/linked_files\/0815_feat_3_gras27.pdf\" rel=\"noreferrer noopener\">Full text<\/a><\/td><\/tr><tr><td><a href=\"http:\/\/cosylab.iiitd.edu.in\/flavordb\" target=\"_blank\" rel=\"noreferrer noopener\">FlavorDB<\/a><\/td><td>Goel M., Grover N., Batra D., Garg N., Tuwani R., Sethupathy A., Bagler G., FlavorDB2: An updated database of flavor molecules. Journal of Food Science, 2024, 89, 7076\u20137082. <a href=\"https:\/\/ift.onlinelibrary.wiley.com\/doi\/10.1111\/1750-3841.17298\" target=\"_blank\" rel=\"noreferrer noopener\">Abstract<\/a><\/td><\/tr><tr><td><a href=\"https:\/\/www.ebi.ac.uk\/ols\/ontologies\/FOBI\" target=\"_blank\" rel=\"noreferrer noopener\">FOBI<\/a><br><a href=\"https:\/\/polcastellano.shinyapps.io\/FOBI_Visualization_Tool\/\" target=\"_blank\" rel=\"noreferrer noopener\">FOBI visualization tool<\/a><\/td><td>Castellano-Escuder P., Gonz\u00e1lez-Dom\u00ednguez R., Wishart D. S., Andr\u00e9s-Lacueva C., S\u00e1nchez-Pla A., FOBI: an ontology to represent food intake data and associate it with metabolomic data. Database, 2020, Article No baaa033.&nbsp;<a href=\"https:\/\/academic.oup.com\/database\/article\/doi\/10.1093\/databa\/baaa033\/5857401\" target=\"_blank\" rel=\"noreferrer noopener\">Abstract<\/a><\/td><\/tr><tr><td><a href=\"https:\/\/webgate.ec.europa.eu\/foods_system\/main\/?sector=FAD&amp;auth=SANCAS\" target=\"_blank\" rel=\"noreferrer noopener\">Food Additives<\/a><\/td><td>Provider: European Commission<\/td><\/tr><tr><td><a target=\"_blank\" href=\"http:\/\/www.foodb.ca\/\" rel=\"noreferrer noopener\">FooDB<\/a><\/td><td>Provider: University of Alberta&nbsp;<\/td><\/tr><tr><td><a href=\"http:\/\/foodflavorlab.cn\/#\/home\" target=\"_blank\" rel=\"noreferrer noopener\">Food Flavor Laboratory<\/a><\/td><td>Liu Y., Li N., Li X., Qian W., Liu J., Su Q., Chen Y., Zhang B., Zhu B., Cheng J., A high-resolution Orbitrap mass spectral library for trace volatile compounds in fruit wines. Scientific Data, 2022, 9, Article No 496. <a rel=\"noreferrer noopener\" href=\"https:\/\/www.nature.com\/articles\/s41597-022-01594-x\" target=\"_blank\">Abstract<\/a><\/td><\/tr><tr><td><a target=\"_blank\" href=\"http:\/\/www.food-info.net\/uk\/index.htm\" rel=\"noreferrer noopener\">Food-Info.net<\/a><\/td><td>Provider: University of Wageningen<\/td><\/tr><tr><td><a href=\"https:\/\/masst.ucsd.edu\/foodmasst\" target=\"_blank\" rel=\"noreferrer noopener\">foodMASST<\/a><\/td><td>West K. A., Schmid R., Gauglitz J. M., Wang M., Dorrestein P. C., foodMASST a mass spectrometry search tool for foods and beverages. Science of Food, 2022, 6, Article No 22. <a href=\"https:\/\/www.nature.com\/articles\/s41538-022-00137-3\" target=\"_blank\" rel=\"noreferrer noopener\">Abstract<\/a><\/td><\/tr><tr><td><a href=\"http:\/\/metabolites.in\/foods\/\" target=\"_blank\" rel=\"noreferrer noopener\">Food Metabolome Repository<\/a><\/td><td>Sakurai N., Yamazaki S., Suda K., Hosoki A., Akimoto N., Takahashi H., Shibata D., Aoki Y., The Thing Metabolome Repository family (XMRs): comparable untargeted metabolome databases for analyzing sample-specific unknown metabolites. Nucleic Acids Research, 2023, 51, D660\u2013D677. <a href=\"https:\/\/academic.oup.com\/nar\/article\/51\/D1\/D660\/6833247\" target=\"_blank\" rel=\"noreferrer noopener\">Abstract<\/a><\/td><\/tr><tr><td><a href=\"http:\/\/foodon.org\/\" target=\"_blank\" rel=\"noreferrer noopener\">FoodOn<\/a><\/td><td>Dooley D. D., Griffiths E. J., Gosal G. S., Buttigieg P. L., Hoehndorf R., Lange M. C., Schriml L. M., Brinkman F. S. L., Hsiao W. W. L., FoodOn: a harmonized food ontology to increase global food traceability, quality control and data integration. Science of Food, 2018, 2, Article No 23.&nbsp;<a href=\"https:\/\/www.nature.com\/articles\/s41538-018-0032-6\" target=\"_blank\" rel=\"noreferrer noopener\">Abstract<\/a><\/td><\/tr><tr><td><a target=\"_blank\" href=\"http:\/\/www.fao.org\/food\/food-safety-quality\/scientific-advice\/jecfa\/en\/\" rel=\"noreferrer noopener\">JECFA<\/a><\/td><td>Provider: Food and Agriculture Organization of the United Nations<\/td><\/tr><tr><td><a href=\"http:\/\/www.langual.org\/langual_indexed_datasets.asp\" target=\"_blank\" rel=\"noreferrer noopener\">Langual<sup>TM<\/sup><\/a><\/td><td>Provider: Danish Food Informatics<\/td><\/tr><tr><td><a href=\"http:\/\/www.mcdb.ca\/\" target=\"_blank\" rel=\"noreferrer noopener\">MCDB<\/a><\/td><td>Foroutan A., Guo A. C., Vazquez-Fresno R., Lipfert M., Zhang L., Zheng J., Badran H., Budinski Z., Mandal R., Ametaj B. N., Wishart D. S., The chemical composition of cow\u2019s milk. Journal of Agricultural and Food Chemistry, 2019, 67, 4897-4914. <a href=\"https:\/\/pubs.acs.org\/doi\/10.1021\/acs.jafc.9b00204\" target=\"_blank\" rel=\"noreferrer noopener\">Abstract<\/a><\/td><\/tr><tr><td><a href=\"http:\/\/sbb.hku.hk\/services\/NutriChem-2.0\/FoodDisease.php\" target=\"_blank\" rel=\"noreferrer noopener\">NutriChem<\/a><\/td><td>Ni Y., Jensen K., Kouskoumvekaki I., Panagiotou G., NutriChem 2.0: exploring the effect of plant based foods on human health and drug efficacy. Database, 2017, Article No bax 044.&nbsp;<a href=\"https:\/\/academic.oup.com\/database\/article\/doi\/10.1093\/database\/bax044\/3867710\/NutriChem-2-0-exploring-the-effect-of-plant-based\" target=\"_blank\" rel=\"noreferrer noopener\">Abstract<\/a><\/td><\/tr><tr><td><a target=\"_blank\" href=\"http:\/\/www.ars.usda.gov\/main\/site_main.htm?modecode=80-40-05-25\" rel=\"noreferrer noopener\">Nutrient Data Laboratory<\/a><\/td><td>Haytowitz D. B., Lemar L. E., Pehrsson P. R., USDA\u2019s Nutrient Databank System \u2013 A tool for handling data from diverse sources. Journal of Food Composition and Analysis, 2009, 22, 433\u2013441.&nbsp;<a target=\"_blank\" href=\"http:\/\/www.sciencedirect.com\/science\/article\/pii\/S0889157509000167\" rel=\"noreferrer noopener\">Abstract<\/a><\/td><\/tr><tr><td><a href=\"http:\/\/www.nutritionvalue.org\/\" target=\"_blank\" rel=\"noreferrer noopener\">NutritionValue.Org<\/a><\/td><td>&nbsp;<\/td><\/tr><tr><td><a href=\"https:\/\/mccordresearch.com.au\/\" target=\"_blank\" rel=\"noreferrer noopener\">OliveNet<sup>TM<\/sup><\/a><\/td><td>Bonvino N. P., Liang J., McCord E. D., Zafiris E., Benetti N., Ray N. B., Hung A., Boskou D., Karagiannis T. C., OliveNet<sup>TM<\/sup>: a comprehensive library of compounds from Olea europaea. Database, 2018, Article No bay016.&nbsp;<a href=\"https:\/\/academic.oup.com\/database\/article\/doi\/10.1093\/database\/bay016\/4851153?searchresult=1\" target=\"_blank\" rel=\"noreferrer noopener\">Abstract<\/a><\/td><\/tr><tr><td><a href=\"https:\/\/www.efsa.europa.eu\/en\/data\/chemical-hazards-data\" target=\"_blank\" rel=\"noreferrer noopener\">OpenFoodTox<\/a><\/td><td>Dorne J. L., Richardson J., Kass G., Georgiadis N., Monguidi M., Pasinato L., Cappe S., Verhagen H., Robinson T., Editorial: OpenFoodTox: EFSA\u2019s open source toxicological database on chemical hazards in food and feed. EFSA Journal, 2017, 15, Article No e15011.&nbsp;<a href=\"http:\/\/onlinelibrary.wiley.com\/doi\/10.2903\/j.efsa.2017.e15011\/full\" target=\"_blank\" rel=\"noreferrer noopener\">Abstract<\/a><\/td><\/tr><tr><td><a href=\"http:\/\/pfpz.pl\/index\/?lang_id=3\" target=\"_blank\" rel=\"noreferrer noopener\">PFP\u017b dodatki do \u017cywno\u015bci<\/a><\/td><td>Provider: Polska Federacja Producent\u00f3w \u017bywno\u015bci<\/td><\/tr><tr><td><a target=\"_blank\" href=\"http:\/\/phenol-explorer.eu\/\" rel=\"noreferrer noopener\">Phenol-Explorer<\/a><\/td><td>Rothwell J. A., P\u00e9rez-Jim\u00e9nez J., Neveu V., Medina-Ramon A., M&#8217;Hiri N., Garcia Lobato P., Manach C., Knox K., Eisner R., Wishart D., Scalbert A., Phenol-Explorer 3.0: a major update of the Phenol-Explorer database to incorporate data on the effects of food processing on polyphenol content. Database, 2013, Article No bat070.&nbsp;<a href=\"https:\/\/academic.oup.com\/database\/article\/doi\/10.1093\/database\/bat070\/342410\" target=\"_blank\" rel=\"noreferrer noopener\">Abstract<\/a><\/td><\/tr><tr><td><a target=\"_blank\" href=\"http:\/\/phytohub.eu\/\" rel=\"noreferrer noopener\">PhytoHub<\/a><\/td><td>Provider: Institut National de la Recherche Agronomique<\/td><\/tr><tr><td><a href=\"https:\/\/cosylab.iiitd.edu.in\/recipedb\/\" target=\"_blank\" rel=\"noreferrer noopener\">RecipeDB<\/a><\/td><td>Batra D., Diwan N., Upadhyay U., Kalra J. S., Sharma T., Sharma A. K., Khanna D., Marwah J. S., Kalathil S., Singh N., Tuwani R., Bagler G., RecipeDB: A resource for exploring recipes. Database, 2020, Article No baaa077. <a href=\"https:\/\/academic.oup.com\/database\/article\/doi\/10.1093\/database\/baaa077\/6006228\" target=\"_blank\" rel=\"noreferrer noopener\">Abstract<\/a><\/td><\/tr><tr><td><a href=\"https:\/\/cosylab.iiitd.edu.in\/spicerx\/\" target=\"_blank\" rel=\"noreferrer noopener\">SpiceRx<\/a><\/td><td>Goel M., Bagler G., Computational gastronomy: A data science approach to food. Journal of Bioscience, 2022, 47, Article No 12. <a href=\"https:\/\/link.springer.com\/article\/10.1007\/s12038-021-00248-1\" target=\"_blank\" rel=\"noreferrer noopener\">Abstract<\/a><\/td><\/tr><tr><td><a href=\"http:\/\/camellia.ahau.edu.cn\/TBC2health\/pcsb\" target=\"_blank\" rel=\"noreferrer noopener\">TBC2health<\/a><\/td><td>Zhang S., Xuan H., Zhang L., Fu S., Wang Y., Yang H., Tai Y., Song Y., Zhang J., Ho C. T., Li S., Wan X., TBC2health: a database of experimentally validated health-beneficial effects of tea bioactive compounds. Briefings in Bioinformatics, 2017, 18, 830-836.&nbsp;<a href=\"https:\/\/academic.oup.com\/bib\/article\/18\/5\/830\/2562770\" target=\"_blank\" rel=\"noreferrer noopener\">Abstract<\/a><\/td><\/tr><tr><td><a href=\"http:\/\/pcsb.ahau.edu.cn:8080\/TCDB\/f\" target=\"_blank\" rel=\"noreferrer noopener\">TMDB<\/a><\/td><td>Yue Y., Chu G.-X., Liu X.-S., Tang X., Wang W., Liu G.-J., Yang T., Ling T.-J., Wang X.-G., Zhang Z.-Z., Xia T., Wan X.-C., Bao G.-H., TMDB: A literature-curated database for small molecular compounds found from tea. BMC Plant Biology, 2014, 14, Article No 243.&nbsp;<a href=\"https:\/\/bmcplantbiol.biomedcentral.com\/articles\/10.1186\/s12870-014-0243-1\" target=\"_blank\" rel=\"noreferrer noopener\">Abstract<\/a><\/td><\/tr><tr><td><a target=\"_blank\" href=\"http:\/\/fnic.nal.usda.gov\/food-composition\" rel=\"noreferrer noopener\">USDA<\/a><\/td><td>Provider: U. S. Department of Agriculture<\/td><\/tr><tr><td><a target=\"_blank\" href=\"http:\/\/www.who.int\/foodsafety\/databases\/en\/\" rel=\"noreferrer noopener\">WHO Food Safety<\/a><\/td><td>Provider: World Health Organization<\/td><\/tr><\/tbody><\/table><\/figure>\n","protected":false},"excerpt":{"rendered":"<p>Food Components AFCDB Provider: University of Alberta AminoADB Author: Beaven Manjengwa anti-HCoV Monticolo F., Palomba E., Santis R., Assentato L., Triscino V., Langella M. C., Lanzotti V., Chiusano M. L., anti-HCoV: A web resource to collect natural compounds against human coronaviruses. Trends in Food Science &amp; Technology, 2020, 106, 1-11.&nbsp;Abstract AODB Deng W., Chen Y.,&#8230;<\/p>\n","protected":false},"author":3,"featured_media":0,"parent":0,"menu_order":0,"comment_status":"closed","ping_status":"closed","template":"","meta":{"_lmt_disableupdate":"no","_lmt_disable":"no","_kad_post_transparent":"","_kad_post_title":"","_kad_post_layout":"left","_kad_post_sidebar_id":"sidebar-primary","_kad_post_content_style":"boxed","_kad_post_vertical_padding":"","_kad_post_feature":"","_kad_post_feature_position":"","_kad_post_header":false,"_kad_post_footer":false,"footnotes":""},"class_list":["post-137","page","type-page","status-publish","hentry"],"_links":{"self":[{"href":"https:\/\/biochemia.uwm.edu.pl\/metachemibio\/wp-json\/wp\/v2\/pages\/137","targetHints":{"allow":["GET"]}}],"collection":[{"href":"https:\/\/biochemia.uwm.edu.pl\/metachemibio\/wp-json\/wp\/v2\/pages"}],"about":[{"href":"https:\/\/biochemia.uwm.edu.pl\/metachemibio\/wp-json\/wp\/v2\/types\/page"}],"author":[{"embeddable":true,"href":"https:\/\/biochemia.uwm.edu.pl\/metachemibio\/wp-json\/wp\/v2\/users\/3"}],"replies":[{"embeddable":true,"href":"https:\/\/biochemia.uwm.edu.pl\/metachemibio\/wp-json\/wp\/v2\/comments?post=137"}],"version-history":[{"count":19,"href":"https:\/\/biochemia.uwm.edu.pl\/metachemibio\/wp-json\/wp\/v2\/pages\/137\/revisions"}],"predecessor-version":[{"id":522229,"href":"https:\/\/biochemia.uwm.edu.pl\/metachemibio\/wp-json\/wp\/v2\/pages\/137\/revisions\/522229"}],"wp:attachment":[{"href":"https:\/\/biochemia.uwm.edu.pl\/metachemibio\/wp-json\/wp\/v2\/media?parent=137"}],"curies":[{"name":"wp","href":"https:\/\/api.w.org\/{rel}","templated":true}]}}