{"id":163,"date":"2021-12-19T00:05:24","date_gmt":"2021-12-18T23:05:24","guid":{"rendered":"http:\/\/metachemibio.webgazel.pl\/?page_id=163"},"modified":"2026-05-04T09:25:00","modified_gmt":"2026-05-04T07:25:00","slug":"metabases","status":"publish","type":"page","link":"https:\/\/biochemia.uwm.edu.pl\/metachemibio\/metabases\/","title":{"rendered":"Metabases"},"content":{"rendered":"\n<h4 class=\"wp-block-heading has-medium-font-size\">Metabases<\/h4>\n\n\n\n<figure class=\"wp-block-table is-style-stripes\"><table><tbody><tr><td><a target=\"_blank\" href=\"http:\/\/bidd.nus.edu.sg\/group\/bidd.htm\" rel=\"noreferrer noopener\">BIDD website<\/a><\/td><td>Provider: National University of Singapore<\/td><\/tr><tr><td><a target=\"_blank\" href=\"http:\/\/biocyc.org\/\" rel=\"noreferrer noopener\">BioCyc<\/a><\/td><td>Caspi R., Altman T., Billington R., Dreher K., Foerster H., Fulcher C. A., Holland T. A., Keseler I. M., Kothari A., Kubo A., Krummenacker M., Latendresse M., Mueller L. A., Ong Q., Paley S., Subhraveti P., Weaver D. S., Weerasinghe D., Zhang P., Karp P. D., The MetaCyc database of metabolic pathways and enzymes and the BioCyc collection of Pathway\/Genome Databases. Nucleic Acids Research, 2014, 42, D459\u2013D471.&nbsp;<a target=\"_blank\" href=\"http:\/\/nar.oxfordjournals.org\/content\/42\/D1\/D459.abstract\" rel=\"noreferrer noopener\">Abstract<\/a><\/td><\/tr><tr><td><a href=\"http:\/\/biodbcore.org\/\" target=\"_blank\" rel=\"noreferrer noopener\">BioDBCore<\/a><\/td><td>Gaudet P., Bairoch A., Field D., Sansone S.-A., Taylor C., Attwood T.K., Bateman A., Blake J.A., Bult C.J., Cherry J.M., Chisholm R.L., Cochrane G., Cook C.E., Eppig J.T., Galperin M.Y., Gentleman R., Goble C.A., Gojobori T., Hancock J.M., Howe D.G., Imanishi T., Kelso J., Landsman D., Lewis S.E., Karsch-Mizrachi I., Orchard S., Ouelette B.F.F., Ranganathan S., Richardson L., Rocca-Serra P., Schofield P.N., Smedley D., Southan C., Tan T.W., Tatusova T., Whetzel P.L., White O., Yamasaki C., Towards BioDBcore: a community-defined information specification for biological database. Database, 2011, Article No baq027.&nbsp;<a href=\"http:\/\/database.oxfordjournals.org\/content\/2011\/baq027.abstract\" target=\"_blank\" rel=\"noreferrer noopener\">Abstract<\/a><\/td><\/tr><tr><td><a target=\"_blank\" href=\"https:\/\/biosharing.org\/\" rel=\"noreferrer noopener\">BioSharing<\/a><\/td><td>McQuilton P., Gonzalez-Beltran A., Rocca-Serra P., Thurston M., Lister A., Maguire E., Sansone S.-A., BioSharing: curated and crowd-sourced metadata standards, databases and data policies in the life sciences. Database, 2016, Article No baw075.&nbsp;<a target=\"_blank\" href=\"http:\/\/database.oxfordjournals.org\/content\/2016\/baw075.abstract\" rel=\"noreferrer noopener\">Abstract<\/a><\/td><\/tr><tr><td><a href=\"http:\/\/biotds.org\/\" target=\"_blank\" rel=\"noreferrer noopener\">Bio-TDS<\/a><\/td><td>Gnimpieba E. Z., VanDiermen M. S., Gustafson S. M., Conn B., Lushbough C. M., Bio-TDS: bioscience query tool discovery system. Nucleic Acids Research, 2017, 45, D1117\u2013D1122.&nbsp;<a href=\"https:\/\/academic.oup.com\/nar\/article\/45\/D1\/D1117\/2290903\/Bio-TDS-bioscience-query-tool-discovery-system\" target=\"_blank\" rel=\"noreferrer noopener\">Abstract<\/a><\/td><\/tr><tr><td><a href=\"http:\/\/cactus.nci.nih.gov\/links\/chem_www.html\" target=\"_blank\" rel=\"noreferrer noopener\">CACTUS<\/a><\/td><td>Sitzmann M., Filippov I.V., Nicklaus M.C., Internet resources integrating many small molecular databases. SAR QSAR in Environmental Research, 2008, 19, 1-9.&nbsp;<a href=\"http:\/\/www.tandfonline.com\/doi\/abs\/10.1080\/10629360701843540\" target=\"_blank\" rel=\"noreferrer noopener\">Abstract<\/a><\/td><\/tr><tr><td><a href=\"https:\/\/bioinformatics.charite.de\/main\/index.php\" target=\"_blank\" rel=\"noreferrer noopener\">Charit\u00e9 Structural Bioinformatics Group<\/a><\/td><td>&nbsp;Provider: Charit\u00e9 Universit\u00e4tsmedizin Berlin<\/td><\/tr><tr><td><a target=\"_blank\" href=\"http:\/\/cheminfov.informatics.indiana.edu:8080\/\" rel=\"noreferrer noopener\">Chem2Bio2RDF<\/a><\/td><td>Chen B., Dong X., Jiao D., Wang H., Zhu Q., Ding Y., Wild D. J., Chem2Bio2RDF: a semantic framework for linking and data mining chemogenomic and systems chemical biology data. BMC Bioinformatics, 2010, 11, Article No, 255.&nbsp;<a target=\"_blank\" href=\"http:\/\/www.biomedcentral.com\/1471-2105\/11\/255\" rel=\"noreferrer noopener\">Abstract<\/a><\/td><\/tr><tr><td><a target=\"_blank\" href=\"http:\/\/chemagora.jrc.ec.europa.eu\/chemagora\/about.htm\" rel=\"noreferrer noopener\">ChemAgora<\/a><\/td><td>Zanzi A., Wittwehr C., Searching online chemical data repositories via the ChemAgora portal. Journal of Chemical Information and Modeling, 2017, 57, 2905\u20132910.&nbsp;<a href=\"http:\/\/pubs.acs.org\/doi\/10.1021\/acs.jcim.7b00086\" target=\"_blank\" rel=\"noreferrer noopener\">Abstract<\/a><\/td><\/tr><tr><td><a target=\"_blank\" href=\"http:\/\/cactus.nci.nih.gov\/cgi-bin\/lookup\/search\" rel=\"noreferrer noopener\">Chemical Structure Lookup<\/a><\/td><td>Sitzmann M., Filippov I.V., Nicklaus M.C., Internet resources integrating many small molecular databases. SAR QSAR in Environmental Research, 2008, 19, 1-9.&nbsp;<a target=\"_blank\" href=\"http:\/\/www.tandfonline.com\/doi\/abs\/10.1080\/10629360701843540\" rel=\"noreferrer noopener\">Abstract<\/a><\/td><\/tr><tr><td><a href=\"http:\/\/www.chemistryviews.org\/details\/education\/10015921\/Chemistry_Databases.html\" target=\"_blank\" rel=\"noreferrer noopener\">Chemistry Databases<\/a><\/td><td>Providers: ChemPubSoc Europe and Wiley-VCh<\/td><\/tr><tr><td><a target=\"_blank\" href=\"http:\/\/www.chemspider.com\/StructureSearch.aspx\" rel=\"noreferrer noopener\">ChemSpider<\/a><\/td><td>Pence H. E., Williams A., Chemspider: An online chemical information resource. Journal of Chemical Education, 2010, 87, 1123\u20131124.&nbsp;<a target=\"_blank\" href=\"http:\/\/pubs.acs.org\/doi\/abs\/10.1021\/ed100697w\" rel=\"noreferrer noopener\">Abstract<\/a>Williams A., Tkachenko V., The Royal Society of Chemistry and the delivery of chemistry data repositories for the community. Journal of Computer Aided Molecular Design, 2014, 28, 1023\u20131030.&nbsp;<a target=\"_blank\" href=\"http:\/\/link.springer.com\/article\/10.1007%2Fs10822-014-9784-5\" rel=\"noreferrer noopener\">Abstract<\/a><\/td><\/tr><tr><td><a href=\"http:\/\/www.click2drug.org\/directory_SmallMoleculesDatabase.html\" target=\"_blank\" rel=\"noreferrer noopener\">Click2Drug<\/a><a target=\"_blank\" href=\"http:\/\/consensuspathdb.org\/\" rel=\"noreferrer noopener\"><\/a><\/td><td>Provider: Swiss Institute of Bioinformatics<\/td><\/tr><tr><td><a target=\"_blank\" href=\"http:\/\/consensuspathdb.org\/\" rel=\"noreferrer noopener\">ConsensusPathDB<\/a><\/td><td>Kamburov A., Stelzl U., Lehrach H., Herwig R., The ConsensusPathDB interaction database: 2013 update. Nucleic Acids Research, 2013, 41, D793-D800.&nbsp;<a target=\"_blank\" href=\"http:\/\/nar.oxfordjournals.org\/content\/41\/D1\/D793.abstract\" rel=\"noreferrer noopener\">Abstract<\/a><\/td><\/tr><tr><td><a target=\"_blank\" href=\"http:\/\/crdd.osdd.net\/\" rel=\"noreferrer noopener\">CRDD<\/a><\/td><td>Provider: IMTECH\/CSIR<\/td><\/tr><tr><td><a target=\"_blank\" href=\"http:\/\/www.biodbs.info\/\" rel=\"noreferrer noopener\">DBD<\/a><\/td><td>Siva Kiran R. R., Setty M. V. N., Hanumatha Rao G., Bioinformatics glossary based Database of Biological Databases: DBD. Journal of Biochemical Technology, 2009, 1(3), 88-90.&nbsp;<a target=\"_blank\" href=\"http:\/\/www.jbiochemtech.com\/index.php\/jbt\/article\/view\/JBT135\" rel=\"noreferrer noopener\">Abstract<\/a><\/td><\/tr><tr><td><a target=\"_blank\" href=\"http:\/\/www.ebi.ac.uk\/services\/chemical-biology\" rel=\"noreferrer noopener\">EBI Chemical Biology<\/a><\/td><td>Provider: European Bioinformatics Institute<\/td><\/tr><tr><td><a target=\"_blank\" href=\"http:\/\/www.echemportal.org\/echemportal\/page.action?pageID=0\" rel=\"noreferrer noopener\">eChemPortal<\/a><\/td><td>Provider: OECD<\/td><\/tr><tr><td><a target=\"_blank\" href=\"http:\/\/www.ebi.ac.uk\/enzymeportal\/\" rel=\"noreferrer noopener\">Enzyme Portal<\/a><\/td><td>Alc\u00e1ntara R., Onwubiko J., Cao H., de Matos P., Cham J. A., Jacobsen J., Holliday G. L., Fischer J. D., Rahman S. A., Jassal B., Goujon M., Rowland R., Velankar S., L\u00f3pez R., Overington J. P., Kleywegt G. J., Hermjakob H., O\u2019Donovan C., Mart\u00edn M. J., Thornton J. M., Steinbeck C., The EBI enzyme portal. Nucleic Acids Research, 2013, 41, D773\u2013D780.&nbsp;<a target=\"_blank\" href=\"http:\/\/nar.oxfordjournals.org\/content\/41\/D1\/D773.abstract\" rel=\"noreferrer noopener\">Abstract<\/a><\/td><\/tr><tr><td><a target=\"_blank\" href=\"http:\/\/glycomics.ccrc.uga.edu\/GlycomicsPortal\/welcome.action\" rel=\"noreferrer noopener\">GlycomicsPortal<\/a><\/td><td>Provider: University of Georgia<\/td><\/tr><tr><td><a href=\"https:\/\/identifiers.org\/\" target=\"_blank\" rel=\"noreferrer noopener\">Identifiers.org<\/a><\/td><td>Bernal-Llinares M., Ferrer-G\u00f3mez J., Juty N., Goble C., Wimalaratne S. M., Hermjakob H., Identifiers.org: Compact identifier services in the cloud. Bioinformatics, 2021, 37, 1781\u20131782. <a href=\"https:\/\/academic.oup.com\/bioinformatics\/article\/37\/12\/1781\/5919584\" target=\"_blank\" rel=\"noreferrer noopener\">Abstract<\/a><\/td><\/tr><tr><td><a href=\"https:\/\/cosylab.iiitd.edu.in\/\" target=\"_blank\" rel=\"noreferrer noopener\">IIIT &#8211; Complex Systems Lab<\/a><\/td><td>Goel M., Bagler G., Computational gastronomy: A data science approach to food. Journal of Bioscience, 2022, 47, Article No 12. <a href=\"https:\/\/link.springer.com\/article\/10.1007\/s12038-021-00248-1\" target=\"_blank\" rel=\"noreferrer noopener\">Abstract<\/a><\/td><\/tr><tr><td><a href=\"https:\/\/webs.iiitd.edu.in\/raghava\/index.html\" target=\"_blank\" rel=\"noreferrer noopener\">IIIT &#8211; Raghava&#8217;s group<\/a><\/td><td>Provider: Indraprastha Institute of Information Technology, Delhi, India<\/td><\/tr><tr><td><a href=\"https:\/\/idsm.elixir-czech.cz\/\" target=\"_blank\" rel=\"noreferrer noopener\">ISDM<\/a><\/td><td>Kratochv\u00edl M., Vondr\u00e1\u0161ek J., Galgonek J., Interoperable chemical structure search service. Journal of Cheminformatics, 2019, 11, Article No 45.&nbsp;<a href=\"https:\/\/jcheminf.biomedcentral.com\/articles\/10.1186\/s13321-019-0367-2\" target=\"_blank\" rel=\"noreferrer noopener\">Abstract<\/a><\/td><\/tr><tr><td><a target=\"_blank\" href=\"http:\/\/www.genome.jp\/kegg\/\" rel=\"noreferrer noopener\">KEGG<\/a><\/td><td>Kanehisa M., Furumichi M., Sato Y., Matsuura Y., Ishiguro-Watanabe M., KEGG: biological systems database as a model of the real world. Nucleic Acids Research, 2025, 53, D672\u2013D677. <a href=\"https:\/\/academic.oup.com\/nar\/article\/53\/D1\/D672\/7824602\" target=\"_blank\" rel=\"noreferrer noopener\">Abstract<\/a><\/td><\/tr><tr><td><a target=\"_blank\" href=\"https:\/\/labworm.com\/\" rel=\"noreferrer noopener\">LabWorm<\/a><\/td><td>Authors:&nbsp;<a target=\"_blank\" href=\"https:\/\/labworm.com\/user\/Yoav.Bauman.94\" rel=\"noreferrer noopener\">Yoav Bauman<\/a>,&nbsp;<a target=\"_blank\" href=\"https:\/\/labworm.com\/user\/rgranit\" rel=\"noreferrer noopener\">Roy Granit<\/a>,&nbsp;<a target=\"_blank\" href=\"https:\/\/labworm.com\/user\/Alon.Vitenshtein\" rel=\"noreferrer noopener\">Alon Vitenshtein<\/a><\/td><\/tr><tr><td><a href=\"http:\/\/metadatabase.org\/wiki\/Main_Page\" target=\"_blank\" rel=\"noreferrer noopener\">MetaBase<\/a><\/td><td>Bolser D.M., Chibon P.Y., Palopoli N., Gong S., Jacob D., Dominguez Del Angel V., Swan D., Bassi S., Gonz\u00e1lez V., Suravajhala P., Hwang S., Romano P., Edwards R., Bishop B., Eargle J., Shtatland T., Provart N.J., Clements D., Renfro D.P., Bhak D., Bhak J., MetaBase-the wiki-database of biological databases. Nucleic Acids Research, 2012, 40, D1250\u2013D1254.&nbsp;<a href=\"http:\/\/nar.oxfordjournals.org\/content\/40\/D1\/D1250.abstract\" target=\"_blank\" rel=\"noreferrer noopener\">Abstract<\/a><\/td><\/tr><tr><td><a href=\"https:\/\/sites.google.com\/view\/mud-data\/home\" target=\"_blank\" rel=\"noreferrer noopener\">MUD<\/a><\/td><td>Providers: MicroTech Solutions and University of Rajasthan<\/td><\/tr><tr><td><a target=\"_blank\" href=\"http:\/\/www.oxfordjournals.org\/our_journals\/nar\/database\/c\/\" rel=\"noreferrer noopener\">NAR Collection<\/a><\/td><td>Rigden D. J., Fern\u00e1ndez X. M., The 2026 Nucleic Acids Research database issue and the online molecular biology database collection. Nucleic Acids Research, 2026, 54, D1\u2013D9. <a href=\"https:\/\/academic.oup.com\/nar\/article\/54\/D1\/D1\/8402365\" target=\"_blank\" rel=\"noreferrer noopener\">Abstract<\/a><\/td><\/tr><tr><td><a href=\"https:\/\/biosciencedbc.jp\/en\/\">NBDC<\/a><\/td><td>Provider: Japan Science and Technology Agency<\/td><\/tr><tr><td><a target=\"_blank\" href=\"http:\/\/srdata.nist.gov\/gateway\/gateway?dblist=0\" rel=\"noreferrer noopener\">NIST Data Gateway<\/a><\/td><td>&nbsp;Provider: National Institute of Standards and Technology<\/td><\/tr><tr><td><a target=\"_blank\" href=\"http:\/\/sis.nlm.nih.gov\/chemical.html\" rel=\"noreferrer noopener\">NLM<\/a><\/td><td>Provider: US Department of Health &amp; Human Services<\/td><\/tr><tr><td><a target=\"_blank\" href=\"http:\/\/www.openphacts.org\/\" rel=\"noreferrer noopener\">OpenPHACTS<\/a><\/td><td>Gray A. J. G., Groth P., Loizou A., Askjaer S., Brenninkmeijer C., Burger K., Chichester C., Evelo C. T., Goble C., Harland L., Pettifer S., Thompson M., Waagmeester A., Williams A. J., Applying linked data approaches to pharmacology: architectural decisions and implementation. Semantic Web Journal, 2012.&nbsp;<a target=\"_blank\" href=\"http:\/\/www.semantic-web-journal.net\/content\/applying-linked-data-approaches-pharmacology-architectural-decisions-and-implementation\" rel=\"noreferrer noopener\">Abstract<\/a><\/td><\/tr><tr><td><a href=\"http:\/\/ophid.utoronto.ca\/pathDIP\/\" target=\"_blank\" rel=\"noreferrer noopener\">pathDIP<\/a><\/td><td>Rahmati S., Abovsky M., Pastrello C., Kotlyar M., Lu R., Cumbaa C. A., Rahman P., Chandran V., Jurisica I., pathDIP 4: an extended pathway annotations and enrichment analysis resource for human, model organisms and domesticated species. Nucleic Acids Research, 2020, 48, D479\u2013D488.&nbsp;<a href=\"https:\/\/academic.oup.com\/nar\/article\/48\/D1\/D479\/5626534\" target=\"_blank\" rel=\"noreferrer noopener\">Abstract<\/a><\/td><\/tr><tr><td><a target=\"_blank\" href=\"http:\/\/pathguide.org\/?organisms=all&amp;availability=all&amp;standards=all&amp;order=alphabetic&amp;DBID=none\" rel=\"noreferrer noopener\">PathGuide<\/a><\/td><td>Bader G. D., Cary M. P., Sander C., Pathguide: a pathway resource list. Nucleic Acids Research, 2006, 34, D504-D506.&nbsp;<a target=\"_blank\" href=\"http:\/\/nar.oxfordjournals.org\/content\/34\/suppl_1\/D504.long\" rel=\"noreferrer noopener\">Abstract<\/a><\/td><\/tr><tr><td><a target=\"_blank\" href=\"http:\/\/pdsp.med.unc.edu\/\" rel=\"noreferrer noopener\">PDSP<\/a><\/td><td>Providers: National Institute of Mental Health, Bethesda, MD, USA and University of North Carolina, Chapel Hill, NC, USA<\/td><\/tr><tr><td><a target=\"_blank\" href=\"http:\/\/peter-ertl.com\/\" rel=\"noreferrer noopener\">Peter&nbsp;Ertl&nbsp;website<\/a><\/td><td>&nbsp;<\/td><\/tr><tr><td><a href=\"http:\/\/prime.psc.riken.jp\/\" target=\"_blank\" rel=\"noreferrer noopener\">PRIMe<\/a><\/td><td>Sakurai T., Yamada Y., Sawada Y., Matsuda F., Akiyama K., Shinozaki K., Hirai M.Y., Saito K., PRIMe Update: innovative content for plant metabolomics and integration of gene expression and metabolite accumulation. Plant &amp; Cell Physiology, 2013, 54, Article No e5.&nbsp;<a href=\"https:\/\/academic.oup.com\/pcp\/article\/54\/2\/e5\/1876386\/PRIMe-Update-Innovative-Content-for-Plant\" target=\"_blank\" rel=\"noreferrer noopener\">Abstract<\/a><\/td><\/tr><tr><td><a href=\"https:\/\/pubchem.ncbi.nlm.nih.gov\/sources\" target=\"_blank\" rel=\"noreferrer noopener\">PubChem Sources<\/a><\/td><td>Kim S., Chen J., Cheng T., Gindulyte A., He J., He S., Li Q., Shoemaker B. A., Thiessen P. A., Yu B., Zaslavsky L., Zhang J., Bolton E. E., PubChem in 2021: new data content and improved web interfaces. Nucleic Acids Research, 2021, 49, D1388\u2013D1395.&nbsp;<a href=\"https:\/\/academic.oup.com\/nar\/article\/49\/D1\/D1388\/5957164\" target=\"_blank\" rel=\"noreferrer noopener\">Abstract<\/a><\/td><\/tr><tr><td><a target=\"_blank\" href=\"http:\/\/en.wikibooks.org\/wiki\/Chemical_Information_Sources\/SIRCh\" rel=\"noreferrer noopener\">SIRCh<\/a><\/td><td>&nbsp;<\/td><\/tr><tr><td><a target=\"_blank\" href=\"https:\/\/bio.tools\/\" rel=\"noreferrer noopener\">Tools and Data Services Registry<\/a><\/td><td>Ison J., M\u00e9nager H., Brancotte B., Jaaniso E., Salumets A., Ra\u010dek T., Lamprecht A.-L., Palmblad M., Kala\u0161 M., Chmura P., Hancock J. M., Schw\u00e4mmle V., Ienasescu H.-I., Community curation of bioinformatics software and data resources. Briefings in Bioinformatics, 2020, 21, 1697\u20131705.&nbsp;<a href=\"https:\/\/academic.oup.com\/bib\/article\/21\/5\/1697\/5560007\" target=\"_blank\" rel=\"noreferrer noopener\">Abstract<\/a><\/td><\/tr><tr><td><a target=\"_blank\" href=\"http:\/\/toxnet.nlm.nih.gov\/\" rel=\"noreferrer noopener\">TOXNET<\/a><\/td><td>Fowler S., Schnall J. G., TOXNET: Information on toxicology and environmental health. American Journal of Nursing, 2014, 114, 61-63.&nbsp;<a target=\"_blank\" href=\"http:\/\/journals.lww.com\/ajnonline\/Abstract\/2014\/02000\/TOXNET___Information_on_Toxicology_and.35.aspx\" rel=\"noreferrer noopener\">Abstract<\/a><\/td><\/tr><tr><td><a target=\"_blank\" href=\"https:\/\/en.wikipedia.org\/wiki\/List_of_biological_databases\" rel=\"noreferrer noopener\">Wikipedia biological databases<\/a><\/td><td>&nbsp;<\/td><\/tr><tr><td><a href=\"https:\/\/en.wikipedia.org\/wiki\/Category:Chemical_databases\" target=\"_blank\" rel=\"noreferrer noopener\">Wikipedia chemical databases<\/a><\/td><td>&nbsp;<\/td><\/tr><tr><td><a target=\"_blank\" href=\"http:\/\/www.wishartlab.com\/web_servers\" rel=\"noreferrer noopener\">Wishartlab<\/a><\/td><td>Provider: University of Alberta<\/td><\/tr><\/tbody><\/table><\/figure>\n","protected":false},"excerpt":{"rendered":"<p>Metabases BIDD website Provider: National University of Singapore BioCyc Caspi R., Altman T., Billington R., Dreher K., Foerster H., Fulcher C. A., Holland T. A., Keseler I. M., Kothari A., Kubo A., Krummenacker M., Latendresse M., Mueller L. A., Ong Q., Paley S., Subhraveti P., Weaver D. S., Weerasinghe D., Zhang P., Karp P. D.,&#8230;<\/p>\n","protected":false},"author":3,"featured_media":0,"parent":0,"menu_order":0,"comment_status":"closed","ping_status":"closed","template":"","meta":{"_lmt_disableupdate":"no","_lmt_disable":"no","_kad_post_transparent":"","_kad_post_title":"","_kad_post_layout":"left","_kad_post_sidebar_id":"sidebar-primary","_kad_post_content_style":"boxed","_kad_post_vertical_padding":"","_kad_post_feature":"","_kad_post_feature_position":"","_kad_post_header":false,"_kad_post_footer":false,"footnotes":""},"class_list":["post-163","page","type-page","status-publish","hentry"],"_links":{"self":[{"href":"https:\/\/biochemia.uwm.edu.pl\/metachemibio\/wp-json\/wp\/v2\/pages\/163","targetHints":{"allow":["GET"]}}],"collection":[{"href":"https:\/\/biochemia.uwm.edu.pl\/metachemibio\/wp-json\/wp\/v2\/pages"}],"about":[{"href":"https:\/\/biochemia.uwm.edu.pl\/metachemibio\/wp-json\/wp\/v2\/types\/page"}],"author":[{"embeddable":true,"href":"https:\/\/biochemia.uwm.edu.pl\/metachemibio\/wp-json\/wp\/v2\/users\/3"}],"replies":[{"embeddable":true,"href":"https:\/\/biochemia.uwm.edu.pl\/metachemibio\/wp-json\/wp\/v2\/comments?post=163"}],"version-history":[{"count":13,"href":"https:\/\/biochemia.uwm.edu.pl\/metachemibio\/wp-json\/wp\/v2\/pages\/163\/revisions"}],"predecessor-version":[{"id":835,"href":"https:\/\/biochemia.uwm.edu.pl\/metachemibio\/wp-json\/wp\/v2\/pages\/163\/revisions\/835"}],"wp:attachment":[{"href":"https:\/\/biochemia.uwm.edu.pl\/metachemibio\/wp-json\/wp\/v2\/media?parent=163"}],"curies":[{"name":"wp","href":"https:\/\/api.w.org\/{rel}","templated":true}]}}