{"id":167,"date":"2021-12-19T00:07:02","date_gmt":"2021-12-18T23:07:02","guid":{"rendered":"http:\/\/metachemibio.webgazel.pl\/?page_id=167"},"modified":"2024-10-18T12:00:00","modified_gmt":"2024-10-18T10:00:00","slug":"education","status":"publish","type":"page","link":"https:\/\/biochemia.uwm.edu.pl\/metachemibio\/education\/","title":{"rendered":"Education"},"content":{"rendered":"\n<h4 class=\"wp-block-heading has-medium-font-size\">Education<\/h4>\n\n\n\n<figure class=\"wp-block-table is-style-stripes\"><table><tbody><tr><td><a href=\"https:\/\/zasoby.open.agh.edu.pl\/\" target=\"_blank\" rel=\"noreferrer noopener\">AGH Open<\/a><\/td><td>Authors of parts concerning chemistry: Jacek Bana\u015b, Wojciech Solarski, Sylwia Zelek-Pogudz, Natalia Czuma, Halina Krawiec, Maria Starowicz; Provider: AGH UST Krak\u00f3w<\/td><\/tr><tr><td><a href=\"http:\/\/www.periodni.com\/balancing_redox_equations.php\" target=\"_blank\" rel=\"noreferrer noopener\">Balancing Redox Reactions<\/a><\/td><td>Author: Eni Generali\u0107<\/td><\/tr><tr><td><a href=\"http:\/\/bigchem.eu\/alllectures\" target=\"_blank\" rel=\"noreferrer noopener\">BigChem Lectures<\/a><\/td><td>Provider: BigChem Project Consortium<\/td><\/tr><tr><td><a target=\"_blank\" href=\"http:\/\/www.bioora.ctlbyu.org\/Resources\/toc.html\" rel=\"noreferrer noopener\">BioORA<\/a><\/td><td>G\u00fcnerse A. B., Fleming S. A., Qualitative assessment of a 3D simulation program: faculty, students, and bio-organic reaction animations. Journal of Chemical Education, 2013, 90, 988\u2013994.&nbsp;<a target=\"_blank\" href=\"http:\/\/pubs.acs.org\/doi\/abs\/10.1021\/ed300185h\" rel=\"noreferrer noopener\">Abstract<\/a><\/td><\/tr><tr><td><a target=\"_blank\" href=\"http:\/\/www.molecular-networks.com\/biopath3\/\" rel=\"noreferrer noopener\">BioPath demo<\/a><\/td><td>&nbsp;<\/td><\/tr><tr><td><a href=\"https:\/\/brain.fuw.edu.pl\/edu\/index.php\/Kategoria:Chemia\" target=\"_blank\" rel=\"noreferrer noopener\">Brain-wiki-Chemia<\/a><\/td><td>Authors: El\u017cbieta Bojarska, Zbigniew Czarnocki, Janusz St\u0119pi\u0144ski<\/td><\/tr><tr><td><a href=\"http:\/\/chemcollective.org\/home\" target=\"_blank\" rel=\"noreferrer noopener\">ChemCollective<\/a><\/td><td>Provider: Carnegie Mellon University<\/td><\/tr><tr><td><a target=\"_blank\" href=\"http:\/\/www.chemeddl.org\/\" rel=\"noreferrer noopener\">ChemEd DL<\/a><\/td><td>Provider: American Chemical Society<\/td><\/tr><tr><td><a target=\"_blank\" href=\"http:\/\/chemdata.r.umn.edu\/chemedXdata\/index.html\" rel=\"noreferrer noopener\">ChemEd X Data<\/a><\/td><td>Eklund B., Prat-Resina X., ChemEd X Data: exposing students to Open scientific data for higher-order thinking and self-regulated learning. Journal of Chemical Education., 2014, 91, 1501\u20131504.&nbsp;<a target=\"_blank\" href=\"http:\/\/pubs.acs.org\/doi\/abs\/10.1021\/ed500316m\" rel=\"noreferrer noopener\">Abstract<\/a><\/td><\/tr><tr><td><a href=\"http:\/\/chemfan.pg.gda.pl\/#Spis\" target=\"_blank\" rel=\"noreferrer noopener\">ChemFan<\/a><\/td><td>Provider: Gda\u0144sk University of Technology<\/td><\/tr><tr><td><a target=\"_blank\" href=\"http:\/\/www.chemguide.co.uk\/index.html#top\" rel=\"noreferrer noopener\">Chemguide<\/a><\/td><td>Author: Jim Clark<\/td><\/tr><tr><td><a target=\"_blank\" href=\"http:\/\/www.chemorganiczna.com\/\" rel=\"noreferrer noopener\">Chemia Organiczna OnLine<\/a><\/td><td>Author: Krzysztof G\u0119bicki<\/td><\/tr><tr><td><a target=\"_blank\" href=\"http:\/\/en.wikibooks.org\/wiki\/Chemical_Information_Sources\" rel=\"noreferrer noopener\">Chemical Information Sources<\/a><\/td><td>&nbsp;<\/td><\/tr><tr><td><a target=\"_blank\" href=\"http:\/\/www.chemicool.com\/\" rel=\"noreferrer noopener\">Chemicool<\/a><\/td><td>&nbsp;<\/td><\/tr><tr><td><a href=\"https:\/\/www.internetchemie.info\/chemie\/index.php\" target=\"_blank\" rel=\"noreferrer noopener\">Chemie von A bis Z<\/a><\/td><td>Provider: Internetchemie ChemLin<\/td><\/tr><tr><td><a target=\"_blank\" href=\"http:\/\/www.chem1.com\/chemed\/index.shtml\" rel=\"noreferrer noopener\">Chemistry Education Resources<\/a><\/td><td>Author: Stephen Lower; provider: Simon Fraser University<\/td><\/tr><tr><td><a href=\"http:\/\/www.chemistryviews.org\/view\/0\/education.html\" target=\"_blank\" rel=\"noreferrer noopener\">ChemistryViews Education<\/a><\/td><td>Providers: ChemPubSoc Europe and Wiley-VCh<\/td><\/tr><tr><td><a target=\"_blank\" href=\"http:\/\/www.genomicglossaries.com\/content\/chemoinformatics_gloss.asp\" rel=\"noreferrer noopener\">Chemoinformatics&nbsp;glossary<\/a><\/td><td>&nbsp;<\/td><\/tr><tr><td><a href=\"http:\/\/chempath.byu.edu\/\" target=\"_blank\" rel=\"noreferrer noopener\">ChemPath<\/a><\/td><td>Provider: Brigham Young University<\/td><\/tr><tr><td><a target=\"_blank\" href=\"http:\/\/www.chemtube3d.com\/index.html\" rel=\"noreferrer noopener\">ChemTube3D<\/a><\/td><td>Provider: University of Liverpool<\/td><\/tr><tr><td><a target=\"_blank\" href=\"http:\/\/chemwiki.ucdavis.edu\/\" rel=\"noreferrer noopener\">ChemWiki (LibreTexts Project)<\/a><\/td><td>Provider: LibreTexts non-profit organization<\/td><\/tr><tr><td><a href=\"http:\/\/chimactiv.agroparistech.fr\/en\" target=\"_blank\" rel=\"noreferrer noopener\">CHIMACTIV<\/a><\/td><td>Camel V., Maillard M.-N., Piard J., Dumas C., Cladi\u00e8re M., Fitoussi G., Brun E., Billault I., Sicard-Roselli C., CHIMACTIV: an open-access website for student-centered learning in analytical chemistry. Journal of Chemical Education, 2020, 97, 2319\u20132326.&nbsp;<a href=\"https:\/\/pubs.acs.org\/doi\/10.1021\/acs.jchemed.0c00023\" target=\"_blank\" rel=\"noreferrer noopener\">Abstract<\/a><\/td><\/tr><tr><td><a href=\"https:\/\/chiral.chemedx.org\/\" target=\"_blank\" rel=\"noreferrer noopener\">CHIRAL<\/a><\/td><td>Barbera J., Harshman J., Komperda R., The Chemistry Instrument Review and Assessment Library (CHIRAL): a new resource for the chemistry education community. Journal of Chemical Education, 2023, 100, 1455-1459. <a href=\"https:\/\/pubs.acs.org\/doi\/10.1021\/acs.jchemed.2c00762\" target=\"_blank\" rel=\"noreferrer noopener\">Abstract<\/a><\/td><\/tr><tr><td><a target=\"_blank\" href=\"http:\/\/en.wikibooks.org\/wiki\/Chemical_Information_Sources\/CIIM\" rel=\"noreferrer noopener\">CIIM<\/a><\/td><td>&nbsp;<\/td><\/tr><tr><td><a target=\"_blank\" href=\"http:\/\/www.molecular-networks.com\/online_demos\/corina_demo\" rel=\"noreferrer noopener\">CORINA demo<\/a><\/td><td>&nbsp;<\/td><\/tr><tr><td><a target=\"_blank\" href=\"http:\/\/www.ccdc.cam.ac.uk\/Community\/Initiatives\/Pages\/TeachingInitiatives.aspx\" rel=\"noreferrer noopener\">CSD&nbsp;Teaching&nbsp;Initiatives<\/a><\/td><td>Battle G. M., Ferrence G. M., Allen F. H., Applications of the Cambridge Structural Database in chemical education. Journal of Applied Crystallography, 2010, 43, 1208-1223.&nbsp;<a target=\"_blank\" href=\"http:\/\/journals.iucr.org\/j\/issues\/2010\/05\/02\/issconts.html\" rel=\"noreferrer noopener\">Abstract<\/a><\/td><\/tr><tr><td><a href=\"https:\/\/d2d.ucdavis.edu\/\" target=\"_blank\" rel=\"noreferrer noopener\">D2D<\/a><\/td><td>Vater A. Mayoral J., Nunez-Castilla J., Labonte J. W., Briggs L. A., Gray J. J., Makarevitch I., Rumjahn S. M., Siegel J. B., Development of a broadly accessible, computationally guided biochemistry course-based undergraduate research experience. Journal of Chemical Education, 2020, 98, 400-409.&nbsp;<a rel=\"noreferrer noopener\" href=\"https:\/\/pubs.acs.org\/doi\/10.1021\/acs.jchemed.0c01073\" target=\"_blank\">Abstract<\/a><\/td><\/tr><tr><td><a target=\"_blank\" href=\"http:\/\/www.daylight.com\/cheminformatics\/index.html\" rel=\"noreferrer noopener\">Daylight guide<\/a><\/td><td>Provider: Daylight Chemical Information Systems, Inc.<\/td><\/tr><tr><td><a href=\"http:\/\/www.drug-design-workshop.ch\/\" target=\"_blank\" rel=\"noreferrer noopener\">Drug Design Workshop<\/a><\/td><td>Daina A., Blatter M.-C., Baillie Gerritsen V., Palagi P. M., Marek D., Xenarios I., Schwede T., Michielin O., Zoete V., Drug Design Workshop: A web-based educational tool to introduce computer-aided drug design to the general public. Journal of Chemical Education, 2017, 94, 335\u2013344.&nbsp;<a href=\"http:\/\/pubs.acs.org\/doi\/abs\/10.1021\/acs.jchemed.6b00596\" target=\"_blank\" rel=\"noreferrer noopener\">Abstract<\/a><\/td><\/tr><tr><td><a target=\"_blank\" href=\"http:\/\/www.e-biotechnologia.pl\/Artykuly\/Cwiczenia-laboratoryjne\" rel=\"noreferrer noopener\">e-Biotechnologia.pl &#8211; \u0106wiczenia<\/a><\/td><td>Author: Adam Kuzdrali\u0144ski<\/td><\/tr><tr><td><a href=\"http:\/\/www.periodni.com\/periodic_table_of_the_elements.html\" target=\"_blank\" rel=\"noreferrer noopener\">EniG Periodic Table of Elements<\/a><\/td><td>Author: Eni Generali\u0107<\/td><\/tr><tr><td><a href=\"https:\/\/www.fda.gov\/Food\/FoodScienceResearch\/ToolsMaterials\/ucm2006976.htm\" target=\"_blank\" rel=\"noreferrer noopener\">Food &#8211; Tools and Science Education<\/a><\/td><td>Provider: Food and Drug Administration<\/td><\/tr><tr><td><a target=\"_blank\" href=\"http:\/\/antoine.frostburg.edu\/chem\/senese\/101\/glossary.shtml\" rel=\"noreferrer noopener\">General Chemistry Glossary<\/a><\/td><td>Author: Fred Senese; Provider: Frostburg State University<\/td><\/tr><tr><td><a href=\"http:\/\/antoine.frostburg.edu\/chem\/senese\/101\/index.shtml\" target=\"_blank\" rel=\"noreferrer noopener\">General Chemistry Online<\/a><\/td><td>Author: Fred Senese; Provider: Frostburg State University<\/td><\/tr><tr><td><a target=\"_blank\" href=\"http:\/\/uniiquim.iquimica.unam.mx\/GlosarioQ\/\" rel=\"noreferrer noopener\">Glosario Q\u00edmico<\/a><\/td><td>Provider: Universidad Nacional Autonoma de Mexico<\/td><\/tr><tr><td><a target=\"_blank\" href=\"http:\/\/icep.wikispaces.com\/\" rel=\"noreferrer noopener\">ICEP<\/a><\/td><td>Provider: Indiana University<\/td><\/tr><tr><td><a target=\"_blank\" href=\"https:\/\/www.icm.edu.pl\/kdm\/Projektowanie_lek%C3%B3w\" rel=\"noreferrer noopener\">ICM Projektowanie lek\u00f3w<\/a><\/td><td>Author: Piotr Setny; provider: University of Warsaw<\/td><\/tr><tr><td><a href=\"https:\/\/www.inchi-trust.org\/oer\/\" target=\"_blank\" rel=\"noreferrer noopener\">InChI Open Education Resource<\/a><\/td><td>Provider: InChI Trust<\/td><\/tr><tr><td><a target=\"_blank\" href=\"http:\/\/www.iupac.org\/home\/publications\/e-resources\/educational-resources.html\" rel=\"noreferrer noopener\">IUPAC Educational Resources<\/a><\/td><td>Provider: IUPAC<\/td><\/tr><tr><td><a target=\"_blank\" href=\"http:\/\/goldbook.iupac.org\/index.html\" rel=\"noreferrer noopener\">IUPAC Gold Book<\/a><\/td><td>Chalk S., McEwen L., The IUPAC Gold Book. Chemistry International, 2017, 39 (3), 25-30.&nbsp;<a href=\"https:\/\/www.degruyter.com\/view\/j\/ci.2017.39.issue-3\/ci-2017-0307\/ci-2017-0307.xml\" target=\"_blank\" rel=\"noreferrer noopener\">Abstract<\/a><\/td><\/tr><tr><td><a target=\"_blank\" href=\"http:\/\/www.chem.qmul.ac.uk\/iupac\/\" rel=\"noreferrer noopener\">IUPAC&nbsp;Nomenclature&nbsp;Database<\/a><\/td><td>Provider: IUPAC<\/td><\/tr><tr><td><a target=\"_blank\" href=\"http:\/\/www.jce.divched.org\/jce-online\/jce-resources-student-assessment-qbank\" rel=\"noreferrer noopener\">JCE QBank<\/a><\/td><td>Harvey E., Zielinski T. J., JCE QBank: physical chemistry question database for quantum chemistry. Journal of Chemical Education, 2010, 87, 996\u2013997.&nbsp;<a target=\"_blank\" href=\"http:\/\/pubs.acs.org\/doi\/abs\/10.1021\/ed100458w\" rel=\"noreferrer noopener\">Abstract<\/a><\/td><\/tr><tr><td><a href=\"https:\/\/www.khanacademy.org\/\" target=\"_blank\" rel=\"noreferrer noopener\">Khan Academy<\/a><\/td><td>Founder: Salman Khan<\/td><\/tr><tr><td><a target=\"_blank\" href=\"https:\/\/www.khanacademy.org\/science\/organic-chemistry\" rel=\"noreferrer noopener\">Khan Academy Organic Chemistry<\/a><\/td><td>Provider: Khan Academy<\/td><\/tr><tr><td><a target=\"_blank\" href=\"http:\/\/www.masterorganicchemistry.com\/\" rel=\"noreferrer noopener\">Master Organic Chemistry<\/a><\/td><td>Author: James Ashenhurst<\/td><\/tr><tr><td><a href=\"https:\/\/sites.google.com\/unicz.it\/medchemblog-gmc\/home\" target=\"_blank\" rel=\"noreferrer noopener\">MedChemBlog<\/a><\/td><td>Panzarella G., Gualtieri G., Romeo I., Alcaro S., MedChemBlog: an innovative distance learning experience for teaching medicinal chemistry. Journal of Chemical Education, 2023, 100, 232\u2013242. <a href=\"https:\/\/pubs.acs.org\/doi\/10.1021\/acs.jchemed.2c00663\" target=\"_blank\" rel=\"noreferrer noopener\">Abstract<\/a><\/td><\/tr><tr><td><a rel=\"noreferrer noopener\" href=\"http:\/\/dgu.ki.ku.dk\/molcalc\/calculation\" target=\"_blank\">MolCalc<\/a><br><a href=\"http:\/\/beta.molcalc.org\/\" target=\"_blank\" rel=\"noreferrer noopener\">MolCalc beta<\/a><\/td><td>Jensen J. H., Kromann J. C., The Molecule Calculator: A web application for fast quantum mechanics-based estimation of molecular properties. Journal of Chemical Education, 2013, 90, 1093\u20131095.&nbsp;<a target=\"_blank\" href=\"http:\/\/pubs.acs.org\/doi\/abs\/10.1021\/ed400164n\" rel=\"noreferrer noopener\">Abstract<\/a><\/td><\/tr><tr><td><a href=\"https:\/\/telem.openu.ac.il\/symmetry\/\" target=\"_blank\" rel=\"noreferrer noopener\">Molecular Symmetry Online<\/a><\/td><td>Provider: The Open University of Israel<\/td><\/tr><tr><td><a href=\"http:\/\/www.chm.bris.ac.uk\/motm\/motm.htm\" target=\"_blank\" rel=\"noreferrer noopener\">Molecule of the Month<\/a><\/td><td>May P. W., Cotton S. A., Harrison K., Rzepa H. S., The \u2018Molecule of the Month\u2019 website\u2014an extraordinary chemistry educational resource online for over 20 years. Molecules, 2017, 22, Article No 549.&nbsp;<a href=\"http:\/\/www.mdpi.com\/1420-3049\/22\/4\/549\" target=\"_blank\" rel=\"noreferrer noopener\">Abstract<\/a><\/td><\/tr><tr><td><a target=\"_blank\" href=\"http:\/\/www.ncbi.nlm.nih.gov\/books\/\" rel=\"noreferrer noopener\">NCBI Bookshelf<\/a><\/td><td>Hoeppner M. A., NCBI Bookshelf: books and documents in life sciences and health care.&nbsp; Nucleic Acids Research, 2013, 41, D1251-D1260.&nbsp;<a target=\"_blank\" href=\"http:\/\/nar.oxfordjournals.org\/content\/41\/D1\/D1251.abstract\" rel=\"noreferrer noopener\">Abstract<\/a><\/td><\/tr><tr><td><a target=\"_blank\" href=\"http:\/\/www.nomenclature101.com\/en\/\" rel=\"noreferrer noopener\">Nomenclature101.com<\/a><\/td><td>Flynn A. B., Caron J., Laroche J., Daviau-Duguay M., Marcoux C., Richard G., 2014, Nomenclature101.com: a free, student-driven organic chemistry nomenclature learning tool. Journal of Chemical Education, 2014, 91, 1855\u20131859.&nbsp;<a target=\"_blank\" href=\"http:\/\/pubs.acs.org\/doi\/abs\/10.1021\/ed500353a\" rel=\"noreferrer noopener\">Abstract<\/a><\/td><\/tr><tr><td><a target=\"_blank\" href=\"http:\/\/web1.uct.usm.maine.edu\/~newton\/Chy251_253\/Topics.html\" rel=\"noreferrer noopener\">O=CHem<\/a><\/td><td>&nbsp;<\/td><\/tr><tr><td><a href=\"http:\/\/opensmiles.org\/\" target=\"_blank\" rel=\"noreferrer noopener\">OpenSMILES<\/a><\/td><td>Provider: Blue Obelisk Initiative<\/td><\/tr><tr><td><a target=\"_blank\" href=\"http:\/\/www.chem.wisc.edu\/areas\/organic\/index-chem.htm\" rel=\"noreferrer noopener\">Organic Chemistry Info<\/a><\/td><td>Provider: University of Wisconsin Madison<\/td><\/tr><tr><td><a href=\"https:\/\/www.haverford.edu\/wintnerorganicchem\" target=\"_blank\" rel=\"noreferrer noopener\">Organic Chemistry Reference Lectures<\/a><\/td><td>Author: Claude E. Wintner, provider: Haverford College<\/td><\/tr><tr><td><a href=\"http:\/\/www.organicworldwide.net\/\" target=\"_blank\" rel=\"noreferrer noopener\">Organic Chemistry Resources Worldwide<\/a><\/td><td>&nbsp;<\/td><\/tr><tr><td><a href=\"http:\/\/www.periodni.com\/oxidation_numbers_calculator.php\" target=\"_blank\" rel=\"noreferrer noopener\">Oxidation Numbers Calculator<\/a><\/td><td>Author: Eni Generali\u0107<\/td><\/tr><tr><td><a target=\"_blank\" href=\"http:\/\/www.ukladokresowy.pl\/\" rel=\"noreferrer noopener\">Periodic Table<\/a><\/td><td>&nbsp;<\/td><\/tr><tr><td><a href=\"https:\/\/en.wikipedia.org\/wiki\/Portal:Analytical_chemistry\" target=\"_blank\" rel=\"noreferrer noopener\">Portal: Analytical chemistry<\/a><\/td><td>&nbsp;<\/td><\/tr><tr><td><a href=\"https:\/\/en.wikipedia.org\/wiki\/Portal:Chemistry\" target=\"_blank\" rel=\"noreferrer noopener\">Portal: Chemistry<\/a><\/td><td>&nbsp;<\/td><\/tr><tr><td><a href=\"https:\/\/en.wikipedia.org\/wiki\/Portal:Organic_chemistry\" target=\"_blank\" rel=\"noreferrer noopener\">Portal: Organic chemistry<\/a><\/td><td>&nbsp;<\/td><\/tr><tr><td><a href=\"https:\/\/en.wikipedia.org\/wiki\/Portal:Physical_chemistry\" target=\"_blank\" rel=\"noreferrer noopener\">Portal: Physical chemistry<\/a><\/td><td>&nbsp;<\/td><\/tr><tr><td><a target=\"_blank\" href=\"http:\/\/bioinformatics.org\/pqcalc\/\" rel=\"noreferrer noopener\">PQcalc<\/a><\/td><td>Theis K., PQcalc, an online calculator for science learners. Journal of Chemical Education, 2015, 92, 1953\u20131955.&nbsp;<a target=\"_blank\" href=\"http:\/\/pubs.acs.org\/doi\/abs\/10.1021\/acs.jchemed.5b00366\" rel=\"noreferrer noopener\">Abstract<\/a><\/td><\/tr><tr><td><a href=\"http:\/\/www.periodni.com\/preparation_of_solutions.php\" target=\"_blank\" rel=\"noreferrer noopener\">Preparation of solutions<\/a><\/td><td>Author: Eni Generali\u0107<\/td><\/tr><tr><td><a href=\"https:\/\/www.malecki.chemia.us.edu.pl\/\" target=\"_blank\" rel=\"noreferrer noopener\">Principles of Chemistry<\/a><\/td><td>Provider: Uniwersytet \u015al\u0105ski<\/td><\/tr><tr><td><a href=\"https:\/\/pubchem.ncbi.nlm.nih.gov\/periodic-table\/\" target=\"_blank\" rel=\"noreferrer noopener\">PubChem Periodic Table<\/a><\/td><td>Kim S., Gindulyte A., Zhang J., Thiessen P. A., Bolton E. E., PubChem Periodic Table and Element pages: improving access to information on chemical elements from authoritative sources. Chemistry Teacher International, 2021, 3, 57\u201365. <a href=\"https:\/\/www.degruyter.com\/document\/doi\/10.1515\/cti-2020-0006\/html\" target=\"_blank\" rel=\"noreferrer noopener\">Abstract<\/a><\/td><\/tr><tr><td><a target=\"_blank\" href=\"http:\/\/www.rsc.org\/learn-chemistry\/\" rel=\"noreferrer noopener\">RSC education<\/a><\/td><td>Provider: Royal Society of Chemistry<\/td><\/tr><tr><td><a href=\"https:\/\/difacquim.gitbook.io\/quimioinformatica\" target=\"_blank\" rel=\"noreferrer noopener\">Spanish Chemoinformatics Gitbook<\/a><\/td><td>Saldivar-Gonz\u00e1lez F. I., Prado-Romero D. L., Cedillo-Gonz\u00e1lez R., Ch\u00e1vez-Hern\u00e1ndez A. L., Avellaneda-Tamayo J. F., G\u00f3mez-Garc\u00eda A., Ju\u00e1rez-Rivera L., Medina-Franco J. L., A Spanish Chemoinformatics GitBook for chemical data retrieval and analysis Using Python programming. Journal of Chemical Education, 2024, 101, 2549\u20132554. <a href=\"https:\/\/pubs.acs.org\/doi\/10.1021\/acs.jchemed.4c00041\" target=\"_blank\" rel=\"noreferrer noopener\">Abstract<\/a><\/td><\/tr><tr><td><a href=\"https:\/\/www1.chem.leeds.ac.uk\/nmr\/Stereochemistry\/\" target=\"_blank\" rel=\"noreferrer noopener\">Stereochemistry<\/a><\/td><td>Mistry N., Singh R., Ridley J., A Web-Based Stereochemistry Tool to improve students\u2019 ability to draw Newman projections and chair conformations and assign R\/S labels. Journal of Chemical Education, 2020, 97, 1157\u22121161.&nbsp;<a href=\"https:\/\/pubs.acs.org\/doi\/10.1021\/acs.jchemed.9b00688\" target=\"_blank\" rel=\"noreferrer noopener\">Abstract<\/a><\/td><\/tr><tr><td><a target=\"_blank\" href=\"http:\/\/www.beilstein-institut.de\/en\/projects\/strenda\" rel=\"noreferrer noopener\">STRENDA<\/a><\/td><td>Provider: Beilstein Institute<\/td><\/tr><tr><td><a href=\"https:\/\/www.szkolnictwo.pl\/nauka,16,Chemia\" target=\"_blank\" rel=\"noreferrer noopener\">Szkolnictwo.pl &#8211; Chemia<\/a><\/td><td>\u00a0<\/td><\/tr><tr><td><a href=\"https:\/\/projects.volkamerlab.org\/teachopencadd\/\" target=\"_blank\" rel=\"noreferrer noopener\">TeachOpenCADD<\/a><\/td><td>Sydow D., Rodr\u00edguez-Guerra J., Kimber T. B., Schaller D., Taylor C. J., Chen Y., Leja M., Misra S., Wichmann M., Ariamajd A., Volkamer A., TeachOpenCADD 2022: open source and FAIR Python pipelines to assist in structural bioinformatics and cheminformatics research. Nucleic Acids Research, 2022, 50, W753\u2013W760. <a href=\"https:\/\/academic.oup.com\/nar\/article\/50\/W1\/W753\/6582172\" target=\"_blank\" rel=\"noreferrer noopener\">Abstract<\/a><\/td><\/tr><tr><td><a href=\"https:\/\/ukladokresowy.edu.pl\/#\/home\" target=\"_blank\" rel=\"noreferrer noopener\">Uk\u0142ad okresowy pierwiastk\u00f3w<\/a><\/td><td>Provider: Nowa Era<\/td><\/tr><tr><td><a target=\"_blank\" href=\"http:\/\/www2.chemistry.msu.edu\/faculty\/reusch\/VirtTxtJml\/intro1.htm\" rel=\"noreferrer noopener\">Virtual&nbsp;Textbook&nbsp;of&nbsp;Organic&nbsp;Chemistry<\/a><\/td><td>Author: William Reusch<\/td><\/tr><tr><td><a href=\"https:\/\/webora.chem.byu.edu\/\" target=\"_blank\" rel=\"noreferrer noopener\">webORA<\/a><\/td><td>Chen S., Rossberg J., Brown J., Reed G., Todd N., Yu A., Fleming S. A., Ess D. H., Interactive organic reaction trajectory animation iPhone application (iORA) and web site (webORA). Journal of Chemical Education, 2023, 100, 1659-1663. <a href=\"https:\/\/pubs.acs.org\/doi\/10.1021\/acs.jchemed.2c00983?ref=PDF\" target=\"_blank\" rel=\"noreferrer noopener\">Abstract<\/a><\/td><\/tr><tr><td><a href=\"http:\/\/www.webqc.org\/\" target=\"_blank\" rel=\"noreferrer noopener\">WebQC.org<\/a><\/td><td>&nbsp;<\/td><\/tr><tr><td><a target=\"_blank\" href=\"http:\/\/hyperglossary.org\/\" rel=\"noreferrer noopener\">WikiHyperGlossary<\/a><\/td><td>Bauer M. A., Berleant D., Cornell A. P., Belford R. E., WikiHyperGlossary (WHG): an information literacy technology for chemistry documents. Journal of Cheminformatics, 2015, 7, Article No 22.&nbsp;<a target=\"_blank\" href=\"http:\/\/www.jcheminf.com\/content\/7\/1\/22\/abstract\" rel=\"noreferrer noopener\">Abstract<\/a><\/td><\/tr><tr><td><a target=\"_blank\" href=\"http:\/\/dir.yahoo.com\/science\/chemistry\/\" rel=\"noreferrer noopener\">YAHOO Chemistry Section<\/a><\/td><td>&nbsp;<\/td><\/tr><tr><td><a href=\"https:\/\/zpe.gov.pl\/\" target=\"_blank\" rel=\"noreferrer noopener\">Zintegrowana Platforma Edukacyjna<\/a><\/td><td>Provider: Ministerstwo Edukacji Narodowej<\/td><\/tr><\/tbody><\/table><\/figure>\n\n\n\n<p><\/p>\n","protected":false},"excerpt":{"rendered":"<p>Education AGH Open Authors of parts concerning chemistry: Jacek Bana\u015b, Wojciech Solarski, Sylwia Zelek-Pogudz, Natalia Czuma, Halina Krawiec, Maria Starowicz; Provider: AGH UST Krak\u00f3w Balancing Redox Reactions Author: Eni Generali\u0107 BigChem Lectures Provider: BigChem Project Consortium BioORA G\u00fcnerse A. B., Fleming S. A., Qualitative assessment of a 3D simulation program: faculty, students, and bio-organic reaction&#8230;<\/p>\n","protected":false},"author":3,"featured_media":0,"parent":0,"menu_order":0,"comment_status":"closed","ping_status":"closed","template":"","meta":{"_lmt_disableupdate":"no","_lmt_disable":"no","_kad_post_transparent":"","_kad_post_title":"","_kad_post_layout":"left","_kad_post_sidebar_id":"sidebar-primary","_kad_post_content_style":"boxed","_kad_post_vertical_padding":"","_kad_post_feature":"","_kad_post_feature_position":"","_kad_post_header":false,"_kad_post_footer":false,"footnotes":""},"class_list":["post-167","page","type-page","status-publish","hentry"],"_links":{"self":[{"href":"https:\/\/biochemia.uwm.edu.pl\/metachemibio\/wp-json\/wp\/v2\/pages\/167","targetHints":{"allow":["GET"]}}],"collection":[{"href":"https:\/\/biochemia.uwm.edu.pl\/metachemibio\/wp-json\/wp\/v2\/pages"}],"about":[{"href":"https:\/\/biochemia.uwm.edu.pl\/metachemibio\/wp-json\/wp\/v2\/types\/page"}],"author":[{"embeddable":true,"href":"https:\/\/biochemia.uwm.edu.pl\/metachemibio\/wp-json\/wp\/v2\/users\/3"}],"replies":[{"embeddable":true,"href":"https:\/\/biochemia.uwm.edu.pl\/metachemibio\/wp-json\/wp\/v2\/comments?post=167"}],"version-history":[{"count":18,"href":"https:\/\/biochemia.uwm.edu.pl\/metachemibio\/wp-json\/wp\/v2\/pages\/167\/revisions"}],"predecessor-version":[{"id":952,"href":"https:\/\/biochemia.uwm.edu.pl\/metachemibio\/wp-json\/wp\/v2\/pages\/167\/revisions\/952"}],"wp:attachment":[{"href":"https:\/\/biochemia.uwm.edu.pl\/metachemibio\/wp-json\/wp\/v2\/media?parent=167"}],"curies":[{"name":"wp","href":"https:\/\/api.w.org\/{rel}","templated":true}]}}