{"id":55,"date":"2021-12-16T20:28:28","date_gmt":"2021-12-16T19:28:28","guid":{"rendered":"http:\/\/metachemibio.webgazel.pl\/?page_id=55"},"modified":"2026-04-14T10:26:00","modified_gmt":"2026-04-14T08:26:00","slug":"amino-acids-and-peptides","status":"publish","type":"page","link":"https:\/\/biochemia.uwm.edu.pl\/metachemibio\/amino-acids-and-peptides\/","title":{"rendered":"Amino acids and peptides"},"content":{"rendered":"\n<h4 class=\"wp-block-heading has-medium-font-size\" id=\"amino-acids-and-peptides\"><strong>Amino acids and peptides<\/strong><\/h4>\n\n\n\n<figure class=\"wp-block-table is-style-stripes\"><table><tbody><tr><td><a target=\"_blank\" href=\"http:\/\/www.genome.jp\/aaindex\/\" rel=\"noreferrer noopener\">AAindex<\/a><\/td><td>Kawashima S., Pokarowski P., Pokarowska M., Kolinski A., Katayama T., Kanehisa M., AAindex: amino acid index database, progress report 2008. Nucleic Acids Research, 2008, 36, D202-D205.&nbsp;<a target=\"_blank\" href=\"http:\/\/nar.oxfordjournals.org\/content\/36\/suppl_1\/D202.long\" rel=\"noreferrer noopener\">Abstract<\/a><\/td><\/tr><tr><td><a target=\"_blank\" href=\"http:\/\/crdd.osdd.net\/raghava\/ahtpdb\/\" rel=\"noreferrer noopener\">AHTPDB<\/a><\/td><td>Kumar R., Chaudhary K., Sharma M., Nagpal G., Chauhan J. S., Singh S., Gautam A., Raghava G. P. S., AHTPDB: a comprehensive platform for analysis and presentation of antihypertensive peptides. Nucleic Acids Research, 2015, 43, D956-D962.&nbsp;<a href=\"http:\/\/nar.oxfordjournals.org\/content\/43\/D1\/D956.abstract\" target=\"_blank\" rel=\"noreferrer noopener\">Abstract<\/a><\/td><\/tr><tr><td><a href=\"http:\/\/www.aminoacidsguide.com\/\" target=\"_blank\" rel=\"noreferrer noopener\">Amino Acids Guide<\/a><\/td><td><\/td><\/tr><tr><td><a href=\"https:\/\/aminoadb.org\/aminoacids.php\" target=\"_blank\" rel=\"noreferrer noopener\">AminoADB<\/a><\/td><td>Author: Beaven Manjengwa<\/td><\/tr><tr><td><a href=\"http:\/\/sing.ei.uvigo.es\/antimicrobialCombination\/\" target=\"_blank\" rel=\"noreferrer noopener\">Antimicrobial Combination Networks<\/a><\/td><td>Jorge P., P\u00e9rez-P\u00e9rez M., P\u00e9rez Rodr\u00edguez G., Fdez-Riverola F., Pereira M. O., Louren\u00e7o A., Construction of antimicrobial peptide-drug combination networks from scientific literature based on a semi-automated curation workflow. Database, 2016, Article No baw143.&nbsp;<a href=\"https:\/\/academic.oup.com\/database\/article\/2016\/0\/baw143\/2742071\/Construction-of-antimicrobial-peptide-drug\" target=\"_blank\" rel=\"noreferrer noopener\">Abstract<\/a><\/td><\/tr><tr><td><a href=\"https:\/\/aodb.idruglab.cn\/peptides\" target=\"_blank\" rel=\"noreferrer noopener\">AODB Peptides<\/a><\/td><td>Deng W., Chen Y., Sun X., Wang L., AODB: A comprehensive database for antioxidants including small molecules, peptides and proteins. Food Chemistry, 2023, 418, Article No 135992. <a href=\"https:\/\/www.sciencedirect.com\/science\/article\/pii\/S030881462300609X?via%3Dihub\" target=\"_blank\" rel=\"noreferrer noopener\">Abstract<\/a><\/td><\/tr><tr><td><a href=\"https:\/\/atb.uq.edu.au\/index.py?tab=amino_acids\" target=\"_blank\" rel=\"noreferrer noopener\">ATB Amino acids<\/a><\/td><td>Malde A. K., Zuo L., Breeze M., Stroet M., Poger D., Nair P. C., Oostenbrink C., Mark A. E., An Automated force field Topology Builder (ATB) and repository: version 1.0. Journal of Chemical Theory and Computation, 2011, 7, 4026-4037. <a href=\"https:\/\/pubs.acs.org\/doi\/abs\/10.1021\/ct200196m\" target=\"_blank\" rel=\"noreferrer noopener\">Abstract<\/a><\/td><\/tr><tr><td><a href=\"https:\/\/biochemia.uwm.edu.pl\/biopep-uwm\/\" data-type=\"URL\" data-id=\"https:\/\/biochemia.uwm.edu.pl\/biopep-uwm\/\">BIOPEP-UWM<\/a><\/td><td>Minkiewicz P., Iwaniak A., Darewicz M., BIOPEP-UWM database of bioactive peptides: current opportunities. International Journal of Molecular Sciences, 2019, 20, Article No 5978.&nbsp;<a href=\"https:\/\/www.mdpi.com\/1422-0067\/20\/23\/5978\" target=\"_blank\" rel=\"noreferrer noopener\">Abstract<\/a><\/td><\/tr><tr><td><a target=\"_blank\" href=\"http:\/\/brainpeps.ugent.be\/\" rel=\"noreferrer noopener\">Brainpeps<\/a><\/td><td>Van Dorpe S., Bronselaer A., Nielandt J., Stalmans S., Wynendaele E., Audenaert K., Van De Wiele C., Burvenich C., Peremans K., Hsuchou H., De Tr\u00e9 G., De Spiegeleer B., Brainpeps: The blood-brain barrier peptide database. Brain Structure and Function, 2012, 217, 687-718.&nbsp;<a target=\"_blank\" href=\"http:\/\/link.springer.com\/article\/10.1007\/s00429-011-0375-0\" rel=\"noreferrer noopener\">Abstract<\/a><\/td><\/tr><tr><td><a target=\"_blank\" href=\"http:\/\/crdd.osdd.net\/raghava\/cancerppd\/index.php\" rel=\"noreferrer noopener\">CancerPPD<\/a><\/td><td>Tyagi A., Tuknait A., Anand P., Gupta S., Sharma M., Mathur D., Joshi A., Singh S., Gautam A., Raghava G. P. S., CancerPPD: a database of anticancer peptides and proteins. Nucleic Acids Research, 2015, 43, D837\u2013D843.&nbsp;<a target=\"_blank\" href=\"http:\/\/nar.oxfordjournals.org\/content\/43\/D1\/D837.abstract\" rel=\"noreferrer noopener\">Abstract<\/a><\/td><\/tr><tr><td><a href=\"https:\/\/webs.iiitd.edu.in\/raghava\/cancerppd2\/api\/rest.html\" target=\"_blank\" rel=\"noreferrer noopener\">CancerPPD2<\/a><\/td><td>Chauhan M., Gupta A., Tomer R., Raghava G. P. S., CancerPPD2: an updated repository of anticancer peptides and proteins. Database, 2025, Article No baaf030. <a href=\"https:\/\/academic.oup.com\/database\/article\/doi\/10.1093\/database\/baaf030\/8126827\" target=\"_blank\" rel=\"noreferrer noopener\">Abstract<\/a><\/td><\/tr><tr><td><a target=\"_blank\" href=\"http:\/\/www.clustermine360.ca\/\" rel=\"noreferrer noopener\">ClusterMine360<\/a><\/td><td>Conway K. R., Boddy C. N., ClusterMine360: A database of microbial PKS\/NRPS biosynthesis. Nucleic Acids Research, 2013, 41, D402-D407.&nbsp;<a target=\"_blank\" href=\"http:\/\/nar.oxfordjournals.org\/content\/41\/D1\/D402.abstract\" rel=\"noreferrer noopener\">Abstract<\/a><\/td><\/tr><tr><td><a href=\"https:\/\/conjupepdb.ttk.hu\/\" target=\"_blank\" rel=\"noreferrer noopener\">ConjuPepDB<\/a><\/td><td>Balogh B., Iv\u00e1nczi M., Nizami B., Beke-Somfai T., M\u00e1ndity I. M., ConjuPepDB: a database of peptide\u2013drug conjugates. Nucleic Acids Research, 2021, 49, D1102\u2013D1112.&nbsp;<a href=\"https:\/\/academic.oup.com\/nar\/article\/49\/D1\/D1102\/5943820\" target=\"_blank\" rel=\"noreferrer noopener\">Abstract<\/a><\/td><\/tr><tr><td><a href=\"https:\/\/webs.iiitd.edu.in\/raghava\/cppsite3\/\" target=\"_blank\" rel=\"noreferrer noopener\">CPPsite3<\/a><\/td><td>Bajiya N., Najrin S., Kumar P., Choudhury S., Tomer R., Raghava G. P. S., CPPsite3: An updated large repository of experimentally validated cell-penetrating peptides. Drug Discovery Today, 2025, 30, 104421. <a href=\"https:\/\/www.sciencedirect.com\/science\/article\/pii\/S1359644625001345?via%3Dihub\" target=\"_blank\" rel=\"noreferrer noopener\">Abstract<\/a><\/td><\/tr><tr><td><a href=\"http:\/\/cycpeptmpdb.com\/\" target=\"_blank\" rel=\"noreferrer noopener\">CycPeptMPDB<\/a><\/td><td>Li J., Yanagisawa K., Sugita M., Fujie T., Ohue M., Akiyama Y., CycPeptMPDB: a comprehensive database of membrane permeability of cyclic peptides. Journal of Chemical Information and Modeling, 2023, 63, 2240\u20132250. <a href=\"https:\/\/pubs.acs.org\/doi\/10.1021\/acs.jcim.2c01573\" target=\"_blank\" rel=\"noreferrer noopener\">Abstract<\/a><\/td><\/tr><tr><td><a href=\"http:\/\/www.cqudfbp.net\/\" target=\"_blank\" rel=\"noreferrer noopener\">DFBP<\/a><\/td><td>Qin D., Bo W., Zheng X., Hao Y., Li B., Zheng J., Liang G., DFBP: a comprehensive database of food-derived bioactive peptides for peptidomics research. Bioinformatics, 2022, 38, 3275\u20133280. <a href=\"https:\/\/academic.oup.com\/bioinformatics\/article-abstract\/38\/12\/3275\/6585336?redirectedFrom=fulltexAbstract\" target=\"_blank\" rel=\"noreferrer noopener\">Abstract<\/a><\/td><\/tr><tr><td><a target=\"_blank\" href=\"http:\/\/crdd.osdd.net\/raghava\/hemolytik\/\" rel=\"noreferrer noopener\">Hemolytik<\/a><\/td><td>Gautam A., Chaudhary K., Singh S., Joshi A., Anand P., Tuknait A., Mathur D., Varshney G. C., Raghava G. P. S., Hemolytik: a database of experimentally determined hemolytic and non-hemolytic peptides. Nucleic Acids Research, 2014, 42, D444\u2013D449.&nbsp;<a target=\"_blank\" href=\"http:\/\/nar.oxfordjournals.org\/content\/42\/D1\/D444\" rel=\"noreferrer noopener\">Abstract<\/a><\/td><\/tr><tr><td><a href=\"https:\/\/webs.iiitd.edu.in\/raghava\/hemolytik2\/\" target=\"_blank\" rel=\"noreferrer noopener\">Hemolytik 2.0<\/a><\/td><td>Singh A., Kavin Raj S. A., Rathore A. S., Raghava G. P. S., Hemolytik 2: an updated database of hemolytic peptides and proteins. Chemical Research in Toxicology, 2026, 39, 208\u2013215. <a href=\"https:\/\/pubs.acs.org\/doi\/10.1021\/acs.chemrestox.5c00322\" target=\"_blank\" rel=\"noreferrer noopener\">Abstract<\/a><\/td><\/tr><tr><td><a href=\"https:\/\/webs.iiitd.edu.in\/raghava\/immunospdb\/\" target=\"_blank\" rel=\"noreferrer noopener\">ImmunoSPdb<\/a><\/td><td>Usmani S. S., Agrawal P., Sehgal M., Patel P. K., Raghava G. P. S., ImmunoSPdb: an archive of immunosuppressive peptides. Database, 2019, Article No baz012.&nbsp;<a href=\"https:\/\/academic.oup.com\/database\/article\/doi\/10.1093\/database\/baz012\/5309009\" target=\"_blank\" rel=\"noreferrer noopener\">Abstract<\/a><\/td><\/tr><tr><td><a href=\"https:\/\/non-canonical-aas.biologie.uni-freiburg.de\/\" target=\"_blank\" rel=\"noreferrer noopener\">iNCLusive<\/a><\/td><td>Icking L.-S., Riedlberger A. M., Krause F., Widder J., Frederiksen A. S., Stockert F., Sp\u00e4dt M., Edel N., Armbruster D., Forlani F., Franchini S., Kaas P., Konak B. M. K., Krier F., Lefebvre M., Mazraeh D., Ranniger J., Gerstenecker J., Gescher P., Voigt K., Salavei P., Gensch N., Di Ventura B., \u00d6zt\u00fcrk M. A., iNClusive: a database collecting useful information on non-canonical amino acids and their incorporation into proteins for easier genetic code expansion implementation. Nucleic Acids Research, 2024, 52, D476\u2013D482. <a href=\"https:\/\/academic.oup.com\/nar\/article\/52\/D1\/D476\/7438906\">Abstract<\/a><\/td><\/tr><tr><td><a target=\"_blank\" href=\"http:\/\/www.genome.jp\/dbget-bin\/www_bfind_sub?max_hit=1000&amp;serv=gn&amp;dbkey=compound&amp;keywords=peptide&amp;page=1\" rel=\"noreferrer noopener\">KEGG peptides<\/a><\/td><td>Kanehisa M., Furumichi M., Sato Y., Matsuura Y., Ishiguro-Watanabe M., KEGG: biological systems database as a model of the real world. Nucleic Acids Research, 2025, 53, D672\u2013D677. <a href=\"https:\/\/academic.oup.com\/nar\/article\/53\/D1\/D672\/7824602\" target=\"_blank\" rel=\"noreferrer noopener\">Abstract<\/a><\/td><\/tr><tr><td><a target=\"_blank\" href=\"http:\/\/bioinfo.lifl.fr\/NRP\/\" rel=\"noreferrer noopener\">Norine<\/a><\/td><td>Flissi A., Ricart E., Campart C., Chevalier M., Dufresne Y., Michalik J., Jacques P., Flahaut C., Lisacek F., Lecl\u00e8re V., Pupin M., Norine: update of the nonribosomal peptide resource. Nucleic Acids Research, 2020, 48, D465\u2013D469.&nbsp;<a href=\"https:\/\/academic.oup.com\/nar\/article\/48\/D1\/D465\/5613672\" target=\"_blank\" rel=\"noreferrer noopener\">Abstract<\/a><\/td><\/tr><tr><td><a target=\"_blank\" href=\"http:\/\/crdd.osdd.net\/raghava\/parapep\/\" rel=\"noreferrer noopener\">ParaPep<\/a><\/td><td>Mehta D., Anand P., Kumar V., Joshi A., Mathur D., Singh S., Tuknait A., Chaudhary K., Gautam S. K., Gautam A., Varshney G. C., Raghava G. P. S., ParaPep: a web resource for experimentally validated antiparasitic peptide sequences and their structures. Database, 2014, Article No bau051.&nbsp;<a href=\"http:\/\/database.oxfordjournals.org\/content\/2014\/bau051.long\" target=\"_blank\" rel=\"noreferrer noopener\">Abstract<\/a><\/td><\/tr><tr><td><a href=\"https:\/\/pdcdb.idrblab.net\/\" target=\"_blank\" rel=\"noreferrer noopener\">PDCdb<\/a><\/td><td>Sun X., Li H., Chen Z., Zhang Y., Wei Z., Xu H., Liao Y., Jiang W., Ge Y., Zheng L., Li L., Wu Y., Luo M., Fang L., Dong X., Xiao M., Han L., Jia Q., Zhu F., PDCdb: the biological activity and pharmaceutical information of peptide\u2013drug conjugate (PDC). Nucleic Acids Research, 2025, 53, D1476\u2013D1485. <a href=\"https:\/\/academic.oup.com\/nar\/article\/53\/D1\/D1476\/7808507\" target=\"_blank\" rel=\"noreferrer noopener\">Abstract<\/a><\/td><\/tr><tr><td><a target=\"_blank\" href=\"http:\/\/crdd.osdd.net\/raghava\/peplife\/\" rel=\"noreferrer noopener\">PEPlife<\/a><\/td><td>Mathur D., Prakash S., Anand P., Kaur H., Agrawal P., Mehta A., Kumar R., Singh S., Raghava G. P. S., PEPlife: a repository of the halflife of peptides. Scientific Reports, 2016, 6, Article No 36617.&nbsp;<a href=\"https:\/\/www.nature.com\/articles\/srep36617\" target=\"_blank\" rel=\"noreferrer noopener\">Abstract<\/a><\/td><\/tr><tr><td><a href=\"https:\/\/webs.iiitd.edu.in\/raghava\/peplife2\/\" target=\"_blank\" rel=\"noreferrer noopener\">PEPlife2<\/a><\/td><td>Alam U., Chaudhary K., Kumar N., Tomer R., Patiyal S., Raghava G. P. S., PEPlife2: an updated repository of the half-life of peptides and proteins. Immuno, 2026, 6, Article No 26. <a href=\"https:\/\/www.mdpi.com\/2673-5601\/6\/2\/26\" target=\"_blank\" rel=\"noreferrer noopener\">Abstract<\/a><\/td><\/tr><tr><td><a href=\"https:\/\/peptaloid.niser.ac.in\/\" target=\"_blank\" rel=\"noreferrer noopener\">Peptaloid<\/a><\/td><td>Behera B. P., Naik H., Konkimalla V. B., Peptaloid: A comprehensive database for exploring peptide alkaloid. Journal of Chemical Information and Modeling, 64, 8387\u20138395. <a href=\"https:\/\/pubs.acs.org\/doi\/10.1021\/acs.jcim.4c01667\" target=\"_blank\" rel=\"noreferrer noopener\">Abstract<\/a><\/td><\/tr><tr><td><a href=\"http:\/\/peptherdia.herokuapp.com\/\" target=\"_blank\" rel=\"noreferrer noopener\">PepTherDia<\/a><\/td><td>D\u2019Aloisio V., Dognini P., Hutcheon G. A., Coxon C. R., PepTherDia: database and structural composition analysis of approved peptide therapeutics and diagnostics. Drug Discovery Today, 2021, 26, 1409-1419. <a href=\"https:\/\/www.sciencedirect.com\/science\/article\/pii\/S1359644621001045\" target=\"_blank\" rel=\"noreferrer noopener\">Abstract<\/a><\/td><\/tr><tr><td><a target=\"_blank\" href=\"http:\/\/quorumpeps.ugent.be\/\" rel=\"noreferrer noopener\">Quorumpeps<\/a><\/td><td>Wynendaele E., Bronselaer A., Nielandt J., D\u2019Hondt M., Stalmans S., Bracke N., Verbeke F., Van De Wiele C., De Tr\u00e9 G., De Spiegeleer B., Quorumpeps database: chemical space, microbial origin and functionality of quorum sensing peptides. Nucleic Acids Research, 2013, 41, D655\u2013D659.&nbsp;<a target=\"_blank\" href=\"http:\/\/nar.oxfordjournals.org\/content\/41\/D1\/D655.abstract\" rel=\"noreferrer noopener\">Abstract<\/a><\/td><\/tr><tr><td><a href=\"https:\/\/webs.iiitd.edu.in\/raghava\/sapdb\/\" target=\"_blank\" rel=\"noreferrer noopener\">SAPdb<\/a><\/td><td>Mathur D., Kaur H., Dhall A., Sharma N., Raghava G. P. S., SAPdb: A database of short peptides and the corresponding nanostructures formed by self-assembly. Computers in Biology and Medicine, 2021, 133, Article No 104391.&nbsp;<a href=\"https:\/\/www.sciencedirect.com\/science\/article\/pii\/S0010482521001852\" target=\"_blank\" rel=\"noreferrer noopener\">Abstract<\/a><\/td><\/tr><tr><td><a target=\"_blank\" href=\"http:\/\/swisssidechain.ch\/\" rel=\"noreferrer noopener\">SwissSidechain<\/a><\/td><td>Gfeller D., Michielin O., Zoete V., SwissSidechain: a molecular and structural database of non-natural sidechains. Nucleic Acids Research, 2013, 41, D327\u2013D332.&nbsp;<a target=\"_blank\" href=\"http:\/\/nar.oxfordjournals.org\/content\/41\/D1\/D327.abstract?sid=6de6f496-533e-4b9d-8894-d5867ab22513\" rel=\"noreferrer noopener\">Abstract<\/a><\/td><\/tr><tr><td><a href=\"http:\/\/crdd.osdd.net\/raghava\/topicalpdb\/index.php\" target=\"_blank\" rel=\"noreferrer noopener\">TopicalPdb<\/a><\/td><td>Mathur D., Mehta A., Firmal P., Bedi G., Sood C., Gautam A., Raghava G. P. S., TopicalPdb: A database of topically delivered peptides. PLoS ONE, 2018, 13, Article No e0190134.&nbsp;<a href=\"https:\/\/journals.plos.org\/plosone\/article?id=10.1371\/journal.pone.0190134\" target=\"_blank\" rel=\"noreferrer noopener\">Abstract<\/a><\/td><\/tr><\/tbody><\/table><\/figure>\n","protected":false},"excerpt":{"rendered":"<p>Amino acids and peptides AAindex Kawashima S., Pokarowski P., Pokarowska M., Kolinski A., Katayama T., Kanehisa M., AAindex: amino acid index database, progress report 2008. Nucleic Acids Research, 2008, 36, D202-D205.&nbsp;Abstract AHTPDB Kumar R., Chaudhary K., Sharma M., Nagpal G., Chauhan J. S., Singh S., Gautam A., Raghava G. P. S., AHTPDB: a comprehensive platform&#8230;<\/p>\n","protected":false},"author":3,"featured_media":0,"parent":0,"menu_order":0,"comment_status":"closed","ping_status":"closed","template":"","meta":{"_lmt_disableupdate":"no","_lmt_disable":"no","_kad_post_transparent":"","_kad_post_title":"","_kad_post_layout":"left","_kad_post_sidebar_id":"sidebar-primary","_kad_post_content_style":"boxed","_kad_post_vertical_padding":"","_kad_post_feature":"","_kad_post_feature_position":"","_kad_post_header":false,"_kad_post_footer":false,"footnotes":""},"class_list":["post-55","page","type-page","status-publish","hentry"],"_links":{"self":[{"href":"https:\/\/biochemia.uwm.edu.pl\/metachemibio\/wp-json\/wp\/v2\/pages\/55","targetHints":{"allow":["GET"]}}],"collection":[{"href":"https:\/\/biochemia.uwm.edu.pl\/metachemibio\/wp-json\/wp\/v2\/pages"}],"about":[{"href":"https:\/\/biochemia.uwm.edu.pl\/metachemibio\/wp-json\/wp\/v2\/types\/page"}],"author":[{"embeddable":true,"href":"https:\/\/biochemia.uwm.edu.pl\/metachemibio\/wp-json\/wp\/v2\/users\/3"}],"replies":[{"embeddable":true,"href":"https:\/\/biochemia.uwm.edu.pl\/metachemibio\/wp-json\/wp\/v2\/comments?post=55"}],"version-history":[{"count":28,"href":"https:\/\/biochemia.uwm.edu.pl\/metachemibio\/wp-json\/wp\/v2\/pages\/55\/revisions"}],"predecessor-version":[{"id":522251,"href":"https:\/\/biochemia.uwm.edu.pl\/metachemibio\/wp-json\/wp\/v2\/pages\/55\/revisions\/522251"}],"wp:attachment":[{"href":"https:\/\/biochemia.uwm.edu.pl\/metachemibio\/wp-json\/wp\/v2\/media?parent=55"}],"curies":[{"name":"wp","href":"https:\/\/api.w.org\/{rel}","templated":true}]}}